{"id":132,"date":"2025-09-26T17:24:44","date_gmt":"2025-09-26T15:24:44","guid":{"rendered":"https:\/\/bhramarayoga.it\/?page_id=132"},"modified":"2025-11-28T12:16:38","modified_gmt":"2025-11-28T11:16:38","slug":"corsi-economici-di-yoga-a-firenze","status":"publish","type":"page","link":"https:\/\/bhramarayoga.it\/en\/corsi-economici-di-yoga-a-firenze\/","title":{"rendered":"Corsi economici di yoga a Firenze Bhramara Yoga"},"content":{"rendered":"<nav class=\"is-responsive items-justified-center alignfull wp-block-navigation is-content-justification-center is-layout-flex wp-container-core-navigation-is-layout-a89b3969 wp-block-navigation-is-layout-flex\" aria-label=\"Header menu\" \n\t\t data-wp-interactive=\"core\/navigation\" data-wp-context='{\"overlayOpenedBy\":{\"click\":false,\"hover\":false,\"focus\":false},\"type\":\"overlay\",\"roleAttribute\":\"\",\"ariaLabel\":\"Menu\"}'><button aria-haspopup=\"dialog\" aria-label=\"Open menu\" class=\"wp-block-navigation__responsive-container-open\" \n\t\t\t\tdata-wp-on--click=\"actions.openMenuOnClick\"\n\t\t\t\tdata-wp-on--keydown=\"actions.handleMenuKeydown\"\n\t\t\t><svg width=\"24\" height=\"24\" xmlns=\"http:\/\/www.w3.org\/2000\/svg\" viewBox=\"0 0 24 24\" aria-hidden=\"true\" focusable=\"false\"><path d=\"M4 7.5h16v1.5H4z\"><\/path><path d=\"M4 15h16v1.5H4z\"><\/path><\/svg><\/button>\n\t\t\t\t<div class=\"wp-block-navigation__responsive-container\"  id=\"modal-1\" \n\t\t\t\tdata-wp-class--has-modal-open=\"state.isMenuOpen\"\n\t\t\t\tdata-wp-class--is-menu-open=\"state.isMenuOpen\"\n\t\t\t\tdata-wp-watch=\"callbacks.initMenu\"\n\t\t\t\tdata-wp-on--keydown=\"actions.handleMenuKeydown\"\n\t\t\t\tdata-wp-on--focusout=\"actions.handleMenuFocusout\"\n\t\t\t\ttabindex=\"-1\"\n\t\t\t>\n\t\t\t\t\t<div class=\"wp-block-navigation__responsive-close\" tabindex=\"-1\">\n\t\t\t\t\t\t<div class=\"wp-block-navigation__responsive-dialog\" \n\t\t\t\tdata-wp-bind--aria-modal=\"state.ariaModal\"\n\t\t\t\tdata-wp-bind--aria-label=\"state.ariaLabel\"\n\t\t\t\tdata-wp-bind--role=\"state.roleAttribute\"\n\t\t\t>\n\t\t\t\t\t\t\t<button aria-label=\"Close menu\" class=\"wp-block-navigation__responsive-container-close\" \n\t\t\t\tdata-wp-on--click=\"actions.closeMenuOnClick\"\n\t\t\t><svg xmlns=\"http:\/\/www.w3.org\/2000\/svg\" viewBox=\"0 0 24 24\" width=\"24\" height=\"24\" aria-hidden=\"true\" focusable=\"false\"><path d=\"m13.06 12 6.47-6.47-1.06-1.06L12 10.94 5.53 4.47 4.47 5.53 10.94 12l-6.47 6.47 1.06 1.06L12 13.06l6.47 6.47 1.06-1.06L13.06 12Z\"><\/path><\/svg><\/button>\n\t\t\t\t\t\t\t<div class=\"wp-block-navigation__responsive-container-content\" \n\t\t\t\tdata-wp-watch=\"callbacks.focusFirstElement\"\n\t\t\t id=\"modal-1-content\">\n\t\t\t\t\t\t\t\t<ul class=\"wp-block-navigation__container is-responsive items-justified-center alignfull wp-block-navigation\"><li class=\" wp-block-navigation-item wp-block-navigation-link\"><a class=\"wp-block-navigation-item__content\"  href=\"https:\/\/bhramarayoga.it\/chi-sono\/\"><span class=\"wp-block-navigation-item__label\">CHI SONO<\/span><\/a><\/li><li class=\" wp-block-navigation-item wp-block-navigation-link\"><a class=\"wp-block-navigation-item__content\"  href=\"https:\/\/bhramarayoga.it\/pratiche-yoga\/\"><span class=\"wp-block-navigation-item__label\">PRATICHE<\/span><\/a><\/li><li class=\" wp-block-navigation-item wp-block-navigation-link\"><a class=\"wp-block-navigation-item__content\"  href=\"https:\/\/bhramarayoga.it\/trattamenti-benessere-a-firenze\/\"><span class=\"wp-block-navigation-item__label\">TRATTAMENTI BENESSERE<\/span><\/a><\/li><li class=\" wp-block-navigation-item wp-block-navigation-link\"><a class=\"wp-block-navigation-item__content\"  href=\"https:\/\/bhramarayoga.it\/en\/team-coaching-firenze\/\"><span class=\"wp-block-navigation-item__label\">TEAM COACHING<\/span><\/a><\/li><li class=\" wp-block-navigation-item wp-block-navigation-link\"><a class=\"wp-block-navigation-item__content\"  href=\"https:\/\/bhramarayoga.it\/blog-filosofia-yoga\/\"><span class=\"wp-block-navigation-item__label\">BLOG<\/span><\/a><\/li><li class=\" wp-block-navigation-item wp-block-navigation-link\"><a class=\"wp-block-navigation-item__content\"  href=\"https:\/\/bhramarayoga.it\/home\/contatti\/\"><span class=\"wp-block-navigation-item__label\">CONTATTI<\/span><\/a><\/li><\/ul>\n\t\t\t\t\t\t\t<\/div>\n\t\t\t\t\t\t<\/div>\n\t\t\t\t\t<\/div>\n\t\t\t\t<\/div><\/nav>\n\n\n<div class=\"wp-block-buttons is-content-justification-center is-layout-flex wp-container-core-buttons-is-layout-a89b3969 wp-block-buttons-is-layout-flex\">\n<div class=\"wp-block-button\"><a class=\"wp-block-button__link wp-element-button\" href=\"https:\/\/bhramarayoga.it\/\">Ops&#8230; Qui non c&#8217;\u00e8 miele. CLICCA QUI PER TORNARE ALLA HOME!<\/a><\/div>\n<\/div>\n\n\n\n<figure class=\"wp-block-image aligncenter size-full o-sticky o-sticky-scope-main-area o-sticky-pos-top o-sticky-bhvr-keep\"><img loading=\"lazy\" decoding=\"async\" width=\"1024\" height=\"1024\" src=\"https:\/\/bhramarayoga.it\/wp-content\/uploads\/2025\/10\/404-api.png\" alt=\"\" class=\"wp-image-437\" srcset=\"https:\/\/bhramarayoga.it\/wp-content\/uploads\/2025\/10\/404-api.png 1024w, https:\/\/bhramarayoga.it\/wp-content\/uploads\/2025\/10\/404-api-300x300.png 300w, https:\/\/bhramarayoga.it\/wp-content\/uploads\/2025\/10\/404-api-150x150.png 150w, https:\/\/bhramarayoga.it\/wp-content\/uploads\/2025\/10\/404-api-768x768.png 768w, https:\/\/bhramarayoga.it\/wp-content\/uploads\/2025\/10\/404-api-144x144.png 144w\" sizes=\"auto, (max-width: 1024px) 100vw, 1024px\" \/><\/figure>\n\n\n\n<div id=\"wp-block-themeisle-blocks-advanced-columns-68a90e2e\" class=\"wp-block-themeisle-blocks-advanced-columns has-1-columns has-desktop-equal-layout has-tablet-equal-layout has-mobile-equal-layout has-vertical-unset\"><div class=\"wp-block-themeisle-blocks-advanced-columns-overlay\"><\/div><div class=\"innerblocks-wrap\">\n<div id=\"wp-block-themeisle-blocks-advanced-column-82ada680\" class=\"wp-block-themeisle-blocks-advanced-column\">\n<div class=\"wp-block-buttons is-content-justification-center is-layout-flex wp-container-core-buttons-is-layout-a89b3969 wp-block-buttons-is-layout-flex\">\n<div class=\"wp-block-button\"><a class=\"wp-block-button__link wp-element-button\" href=\"https:\/\/bhramarayoga.it\/\">TORNA ALLA HOME<\/a><\/div>\n<\/div>\n<\/div>\n<\/div><\/div>\n\n\n\n<details class=\"wp-block-details has-cyan-bluish-gray-color has-text-color has-link-color has-small-font-size wp-elements-64b4ca83e71a6caa745ef5882e4710a6 is-layout-flow wp-block-details-is-layout-flow\"><summary>corsi economoici di yoga a Firenze<\/summary>\n<p>Sei alla ricerca di corsi di yoga economici a Firenze ma non vuoi rinunciare alla qualit\u00e0 dell&#8217;insegnamento?<\/p>\n\n\n\n<p>Bhramara Yoga \u00e8 la scuola che unisce eccellenza e accessibilit\u00e0. Crediamo che la pratica dello yoga debba essere sostenibile a lungo termine per tutti, e per questo offriamo i percorsi di yoga a Firenze con il miglior rapporto qualit\u00e0-prezzo. Dimentica gli abbonamenti rigidi e costosi: da noi trovi la formula perfetta per la tua costanza e il tuo portafoglio.<\/p>\n\n\n\n<p>Perch\u00e9 Bhramara Yoga \u00e8 la Scelta Economica e Intelligente a Firenze?<br>La nostra filosofia \u00e8 chiara: rendere il benessere accessibile. Ecco cosa rende la nostra offerta la pi\u00f9 conveniente nel panorama fiorentino:<\/p>\n\n\n\n<p>Prezzi Vantaggiosi: Abbiamo strutturato il nostro listino per essere tra i pi\u00f9 economici a Firenze. Consulta le nostre tariffe e scopri quanto \u00e8 conveniente iniziare a praticare.<\/p>\n\n\n\n<p>Pacchetti Flessibili: Offriamo pacchetti lezioni che ti permettono di pagare solo quello che pratichi, garantendo la massima flessibilit\u00e0 di orario e frequenza.<\/p>\n\n\n\n<p>Insegnamento Certificato: Nonostante i costi contenuti, la qualit\u00e0 \u00e8 la nostra priorit\u00e0. Sarai guidato solo da insegnanti qualificati e dedicati alla tua crescita personale.<\/p>\n\n\n\n<p>Vuoi praticare yoga senza spendere una fortuna? Da Bhramara Yoga trovi corsi economici di yoga a Firenze, pensati per chi desidera migliorare il proprio benessere con insegnanti qualificati e in un ambiente accogliente.<\/p>\n\n\n\n<p>Perch\u00e9 scegliere i nostri corsi<\/p>\n\n\n\n<p>Prezzi accessibili tutto l\u2019anno: pacchetti e abbonamenti convenienti.<\/p>\n\n\n\n<p>Insegnanti esperti: pratica guidata, adatta sia ai principianti che ai praticanti esperti.<\/p>\n\n\n\n<p>Stili diversi: hatha yoga, vinyasa, yoga dolce, yoga posturale e meditazione.<\/p>\n\n\n\n<p>Spazio accogliente e familiare, facilmente raggiungibile dal centro di Firenze.<\/p>\n\n\n\n<p>Yoga alla portata di tutti<\/p>\n\n\n\n<p>Crediamo che lo yoga debba essere inclusivo: i nostri corsi economici di yoga a Firenze ti permettono di iniziare o approfondire la pratica senza barriere economiche.<\/p>\n\n\n\n<p>Corsi per Ogni Esigenza (Senza Costi Aggiuntivi!)<\/p>\n\n\n\n<p>Il tuo abbonamento economico ti d\u00e0 accesso a una variet\u00e0 di stili, che potrai scegliere in base al tuo stato d&#8217;animo e ai tuoi obiettivi:<\/p>\n\n\n\n<p>Hatha Yoga: Lezioni perfette per i principianti, ideali per costruire una solida base e migliorare il respiro.<\/p>\n\n\n\n<p>Vinyasa Flow: Pratiche dinamiche ed energizzanti per aumentare la forza e la resistenza.<\/p>\n\n\n\n<p>Yoga Posturale: Corsi specifici per chi cerca sollievo da mal di schiena e dolore cervicale, a un prezzo che non ti far\u00e0 preoccupare.<\/p>\n\n\n\n<p>La Tua Occasione: Lezione di Prova Gratuita a Firenze<\/p>\n\n\n\n<p>Non devi fidarti delle nostre parole: prova tu stesso!<\/p>\n\n\n\n<p>Ti invitiamo a fare una lezione di prova gratuita senza impegno. \u00c8 il modo pi\u00f9 trasparente per valutare la professionalit\u00e0 di Bhramara Yoga prima di scegliere il tuo pacchetto lezioni economico.<\/p>\n\n\n\n<p>La prima grande opera indiana che descrive e sistema le tecniche dello Yoga \u00e8 lo Yoga S\u016btra (&#8220;Aforismi sullo Yoga&#8221;), redatto da Pata\u00f1jali, vissuto fra il II sec. a.e.v. e il V sec. e.v.[47][48], che raccoglie 196 s\u016btra. A lui va il merito di aver interpretato lo Yoga quale dottrina soteriologica e soprattutto filosofica da tradizione mistica che era.[49]<\/p>\n\n\n\n<p>Lo Yogas\u016btra \u00e8 suddiviso in quattro sezioni dette p\u0101da, che sono: Sam\u0101dhi P\u0101da (la &#8220;congiunzione&#8221;); S\u0101dhana P\u0101da (la &#8220;realizzazione&#8221;); Vibh\u016bti P\u0101da (i &#8220;poteri&#8221;); Kaivalya P\u0101da (la &#8220;separazione&#8221;). Nel primo p\u0101da viene introdotto e illustrato lo Yoga come mezzo per il raggiungimento del sam\u0101dhi, lo stato di beatitudine nel quale, sperimentando una differente consapevolezza delle cose, si consegue la liberazione (mok\u1e63a) dal &#8220;ciclo delle rinascite&#8221; (il sa\u1e43s\u0101ra). Nel secondo \u00e8 esposto l&#8217;A\u1e63\u1e6d\u0101\u1e45ga Yoga (&#8220;Le otto membra dello Yoga&#8221;, noto anche come Raja Yoga, lo &#8220;Yoga regale&#8221;). Nel terzo Pata\u00f1jali prosegue descrivendo le ultime tre fasi del percorso yogico; vengono altres\u00ec esposti i &#8220;poteri sovraumani&#8221; (vibh\u016bti) che \u00e8 possibile conseguire con una pratica corretta dello yoga. Nell&#8217;ultimo p\u0101da il filosofo d\u00e0 una veste filosofica alla disciplina finora presentata rifacendosi alla dottrina del S\u0101\u1e43khya: il sam\u0101dhi consente finalmente di riconoscere la &#8220;separazione&#8221; (kaivalya) fra spirito (puru\u1e63a) e materia (prak\u1e5bti).[50][51]<\/p>\n<\/details>\n","protected":false},"excerpt":{"rendered":"","protected":false},"author":1,"featured_media":0,"parent":0,"menu_order":0,"comment_status":"closed","ping_status":"closed","template":"","meta":{"_themeisle_gutenberg_block_has_review":false,"cybocfi_hide_featured_image":"","footnotes":""},"class_list":["post-132","page","type-page","status-publish","hentry"],"yoast_head":"<!-- This site is optimized with the Yoast SEO plugin v27.3 - https:\/\/yoast.com\/product\/yoast-seo-wordpress\/ -->\n<title>Corsi economici di yoga a Firenze Bhramara Yoga - BHRAMARA YOGA<\/title>\n<meta name=\"description\" content=\"vieni a provare corsi economici di yoga a Firenze con Bhramara Yoga e ritrova il tuo benessere. Perch\u00e8 lo yoga \u00e8 per tutti.\" \/>\n<meta name=\"robots\" content=\"index, follow, max-snippet:-1, max-image-preview:large, max-video-preview:-1\" \/>\n<link rel=\"canonical\" href=\"https:\/\/bhramarayoga.it\/en\/corsi-economici-di-yoga-a-firenze\/\" \/>\n<meta property=\"og:locale\" content=\"en_GB\" \/>\n<meta property=\"og:type\" content=\"article\" \/>\n<meta property=\"og:title\" content=\"Corsi economici di yoga a Firenze Bhramara Yoga - BHRAMARA YOGA\" \/>\n<meta property=\"og:description\" content=\"vieni a provare corsi economici di yoga a Firenze con Bhramara Yoga e ritrova il tuo benessere. Perch\u00e8 lo yoga \u00e8 per tutti.\" \/>\n<meta property=\"og:url\" content=\"https:\/\/bhramarayoga.it\/en\/corsi-economici-di-yoga-a-firenze\/\" \/>\n<meta property=\"og:site_name\" content=\"BHRAMARA YOGA\" \/>\n<meta property=\"article:modified_time\" content=\"2025-11-28T11:16:38+00:00\" \/>\n<meta property=\"og:image\" content=\"https:\/\/bhramarayoga.it\/wp-content\/uploads\/2025\/10\/404-api.png\" \/>\n<meta name=\"twitter:card\" content=\"summary_large_image\" \/>\n<meta name=\"twitter:label1\" content=\"Estimated reading time\" \/>\n\t<meta name=\"twitter:data1\" content=\"4 minutes\" \/>\n<script type=\"application\/ld+json\" class=\"yoast-schema-graph\">{\"@context\":\"https:\\\/\\\/schema.org\",\"@graph\":[{\"@type\":\"WebPage\",\"@id\":\"https:\\\/\\\/bhramarayoga.it\\\/corsi-economici-di-yoga-a-firenze\\\/\",\"url\":\"https:\\\/\\\/bhramarayoga.it\\\/corsi-economici-di-yoga-a-firenze\\\/\",\"name\":\"Corsi economici di yoga a Firenze Bhramara Yoga - BHRAMARA YOGA\",\"isPartOf\":{\"@id\":\"https:\\\/\\\/bhramarayoga.it\\\/#website\"},\"primaryImageOfPage\":{\"@id\":\"https:\\\/\\\/bhramarayoga.it\\\/corsi-economici-di-yoga-a-firenze\\\/#primaryimage\"},\"image\":{\"@id\":\"https:\\\/\\\/bhramarayoga.it\\\/corsi-economici-di-yoga-a-firenze\\\/#primaryimage\"},\"thumbnailUrl\":\"https:\\\/\\\/bhramarayoga.it\\\/wp-content\\\/uploads\\\/2025\\\/10\\\/404-api.png\",\"datePublished\":\"2025-09-26T15:24:44+00:00\",\"dateModified\":\"2025-11-28T11:16:38+00:00\",\"description\":\"vieni a provare corsi economici di yoga a Firenze con Bhramara Yoga e ritrova il tuo benessere. Perch\u00e8 lo yoga \u00e8 per tutti.\",\"breadcrumb\":{\"@id\":\"https:\\\/\\\/bhramarayoga.it\\\/corsi-economici-di-yoga-a-firenze\\\/#breadcrumb\"},\"inLanguage\":\"en-GB\",\"potentialAction\":[{\"@type\":\"ReadAction\",\"target\":[\"https:\\\/\\\/bhramarayoga.it\\\/corsi-economici-di-yoga-a-firenze\\\/\"]}]},{\"@type\":\"ImageObject\",\"inLanguage\":\"en-GB\",\"@id\":\"https:\\\/\\\/bhramarayoga.it\\\/corsi-economici-di-yoga-a-firenze\\\/#primaryimage\",\"url\":\"https:\\\/\\\/bhramarayoga.it\\\/wp-content\\\/uploads\\\/2025\\\/10\\\/404-api.png\",\"contentUrl\":\"https:\\\/\\\/bhramarayoga.it\\\/wp-content\\\/uploads\\\/2025\\\/10\\\/404-api.png\"},{\"@type\":\"BreadcrumbList\",\"@id\":\"https:\\\/\\\/bhramarayoga.it\\\/corsi-economici-di-yoga-a-firenze\\\/#breadcrumb\",\"itemListElement\":[{\"@type\":\"ListItem\",\"position\":1,\"name\":\"Home\",\"item\":\"https:\\\/\\\/bhramarayoga.it\\\/\"},{\"@type\":\"ListItem\",\"position\":2,\"name\":\"Corsi economici di yoga a Firenze Bhramara Yoga\"}]},{\"@type\":\"WebSite\",\"@id\":\"https:\\\/\\\/bhramarayoga.it\\\/#website\",\"url\":\"https:\\\/\\\/bhramarayoga.it\\\/\",\"name\":\"BHRAMARA YOGA\",\"description\":\"Benessere integrato: yoga, ginnastica posturale e trattamenti olistici a Firenze e Pontassieve\",\"publisher\":{\"@id\":\"https:\\\/\\\/bhramarayoga.it\\\/#organization\"},\"potentialAction\":[{\"@type\":\"SearchAction\",\"target\":{\"@type\":\"EntryPoint\",\"urlTemplate\":\"https:\\\/\\\/bhramarayoga.it\\\/?s={search_term_string}\"},\"query-input\":{\"@type\":\"PropertyValueSpecification\",\"valueRequired\":true,\"valueName\":\"search_term_string\"}}],\"inLanguage\":\"en-GB\"},{\"@type\":\"Organization\",\"@id\":\"https:\\\/\\\/bhramarayoga.it\\\/#organization\",\"name\":\"BHRAMARA YOGA\",\"url\":\"https:\\\/\\\/bhramarayoga.it\\\/\",\"logo\":{\"@type\":\"ImageObject\",\"inLanguage\":\"en-GB\",\"@id\":\"https:\\\/\\\/bhramarayoga.it\\\/#\\\/schema\\\/logo\\\/image\\\/\",\"url\":\"https:\\\/\\\/bhramarayoga.it\\\/wp-content\\\/uploads\\\/2025\\\/09\\\/BhramaraYoga-con-Testo.png\",\"contentUrl\":\"https:\\\/\\\/bhramarayoga.it\\\/wp-content\\\/uploads\\\/2025\\\/09\\\/BhramaraYoga-con-Testo.png\",\"width\":1103,\"height\":1015,\"caption\":\"BHRAMARA YOGA\"},\"image\":{\"@id\":\"https:\\\/\\\/bhramarayoga.it\\\/#\\\/schema\\\/logo\\\/image\\\/\"}}]}<\/script>\n<!-- \/ Yoast SEO plugin. -->","yoast_head_json":{"title":"Corsi economici di yoga a Firenze Bhramara Yoga - BHRAMARA YOGA","description":"vieni a provare corsi economici di yoga a Firenze con Bhramara Yoga e ritrova il tuo benessere. Perch\u00e8 lo yoga \u00e8 per tutti.","robots":{"index":"index","follow":"follow","max-snippet":"max-snippet:-1","max-image-preview":"max-image-preview:large","max-video-preview":"max-video-preview:-1"},"canonical":"https:\/\/bhramarayoga.it\/en\/corsi-economici-di-yoga-a-firenze\/","og_locale":"en_GB","og_type":"article","og_title":"Corsi economici di yoga a Firenze Bhramara Yoga - BHRAMARA YOGA","og_description":"vieni a provare corsi economici di yoga a Firenze con Bhramara Yoga e ritrova il tuo benessere. Perch\u00e8 lo yoga \u00e8 per tutti.","og_url":"https:\/\/bhramarayoga.it\/en\/corsi-economici-di-yoga-a-firenze\/","og_site_name":"BHRAMARA YOGA","article_modified_time":"2025-11-28T11:16:38+00:00","og_image":[{"url":"https:\/\/bhramarayoga.it\/wp-content\/uploads\/2025\/10\/404-api.png","type":"","width":"","height":""}],"twitter_card":"summary_large_image","twitter_misc":{"Estimated reading time":"4 minutes"},"schema":{"@context":"https:\/\/schema.org","@graph":[{"@type":"WebPage","@id":"https:\/\/bhramarayoga.it\/corsi-economici-di-yoga-a-firenze\/","url":"https:\/\/bhramarayoga.it\/corsi-economici-di-yoga-a-firenze\/","name":"Corsi economici di yoga a Firenze Bhramara Yoga - BHRAMARA YOGA","isPartOf":{"@id":"https:\/\/bhramarayoga.it\/#website"},"primaryImageOfPage":{"@id":"https:\/\/bhramarayoga.it\/corsi-economici-di-yoga-a-firenze\/#primaryimage"},"image":{"@id":"https:\/\/bhramarayoga.it\/corsi-economici-di-yoga-a-firenze\/#primaryimage"},"thumbnailUrl":"https:\/\/bhramarayoga.it\/wp-content\/uploads\/2025\/10\/404-api.png","datePublished":"2025-09-26T15:24:44+00:00","dateModified":"2025-11-28T11:16:38+00:00","description":"vieni a provare corsi economici di yoga a Firenze con Bhramara Yoga e ritrova il tuo benessere. Perch\u00e8 lo yoga \u00e8 per tutti.","breadcrumb":{"@id":"https:\/\/bhramarayoga.it\/corsi-economici-di-yoga-a-firenze\/#breadcrumb"},"inLanguage":"en-GB","potentialAction":[{"@type":"ReadAction","target":["https:\/\/bhramarayoga.it\/corsi-economici-di-yoga-a-firenze\/"]}]},{"@type":"ImageObject","inLanguage":"en-GB","@id":"https:\/\/bhramarayoga.it\/corsi-economici-di-yoga-a-firenze\/#primaryimage","url":"https:\/\/bhramarayoga.it\/wp-content\/uploads\/2025\/10\/404-api.png","contentUrl":"https:\/\/bhramarayoga.it\/wp-content\/uploads\/2025\/10\/404-api.png"},{"@type":"BreadcrumbList","@id":"https:\/\/bhramarayoga.it\/corsi-economici-di-yoga-a-firenze\/#breadcrumb","itemListElement":[{"@type":"ListItem","position":1,"name":"Home","item":"https:\/\/bhramarayoga.it\/"},{"@type":"ListItem","position":2,"name":"Corsi economici di yoga a Firenze Bhramara Yoga"}]},{"@type":"WebSite","@id":"https:\/\/bhramarayoga.it\/#website","url":"https:\/\/bhramarayoga.it\/","name":"BHRAMARA YOGA","description":"Benessere integrato: yoga, ginnastica posturale e trattamenti olistici a Firenze e Pontassieve","publisher":{"@id":"https:\/\/bhramarayoga.it\/#organization"},"potentialAction":[{"@type":"SearchAction","target":{"@type":"EntryPoint","urlTemplate":"https:\/\/bhramarayoga.it\/?s={search_term_string}"},"query-input":{"@type":"PropertyValueSpecification","valueRequired":true,"valueName":"search_term_string"}}],"inLanguage":"en-GB"},{"@type":"Organization","@id":"https:\/\/bhramarayoga.it\/#organization","name":"BHRAMARA YOGA","url":"https:\/\/bhramarayoga.it\/","logo":{"@type":"ImageObject","inLanguage":"en-GB","@id":"https:\/\/bhramarayoga.it\/#\/schema\/logo\/image\/","url":"https:\/\/bhramarayoga.it\/wp-content\/uploads\/2025\/09\/BhramaraYoga-con-Testo.png","contentUrl":"https:\/\/bhramarayoga.it\/wp-content\/uploads\/2025\/09\/BhramaraYoga-con-Testo.png","width":1103,"height":1015,"caption":"BHRAMARA YOGA"},"image":{"@id":"https:\/\/bhramarayoga.it\/#\/schema\/logo\/image\/"}}]}},"_links":{"self":[{"href":"https:\/\/bhramarayoga.it\/en\/wp-json\/wp\/v2\/pages\/132","targetHints":{"allow":["GET"]}}],"collection":[{"href":"https:\/\/bhramarayoga.it\/en\/wp-json\/wp\/v2\/pages"}],"about":[{"href":"https:\/\/bhramarayoga.it\/en\/wp-json\/wp\/v2\/types\/page"}],"author":[{"embeddable":true,"href":"https:\/\/bhramarayoga.it\/en\/wp-json\/wp\/v2\/users\/1"}],"replies":[{"embeddable":true,"href":"https:\/\/bhramarayoga.it\/en\/wp-json\/wp\/v2\/comments?post=132"}],"version-history":[{"count":3,"href":"https:\/\/bhramarayoga.it\/en\/wp-json\/wp\/v2\/pages\/132\/revisions"}],"predecessor-version":[{"id":1177,"href":"https:\/\/bhramarayoga.it\/en\/wp-json\/wp\/v2\/pages\/132\/revisions\/1177"}],"wp:attachment":[{"href":"https:\/\/bhramarayoga.it\/en\/wp-json\/wp\/v2\/media?parent=132"}],"curies":[{"name":"wp","href":"https:\/\/api.w.org\/{rel}","templated":true}]}}