{"id":140,"date":"2025-09-26T17:27:00","date_gmt":"2025-09-26T15:27:00","guid":{"rendered":"https:\/\/bhramarayoga.it\/?page_id=140"},"modified":"2025-11-27T12:42:23","modified_gmt":"2025-11-27T11:42:23","slug":"massaggi-a-firenze","status":"publish","type":"page","link":"https:\/\/bhramarayoga.it\/en\/massaggi-a-firenze\/","title":{"rendered":"Massaggi a Firenze Bhramara Yoga"},"content":{"rendered":"<details class=\"wp-block-details has-cyan-bluish-gray-color has-text-color has-link-color wp-elements-242adf3eda45808e9fadf7e5ea530c03 is-layout-flow wp-block-details-is-layout-flow\"><summary>Massaggi a Firenze<\/summary>\n<p class=\"has-cyan-bluish-gray-color has-text-color has-link-color has-small-font-size wp-elements-63821d23ba5bfb462a29873b0c62e242\">Il massaggio (dal greco massein che significa &#8220;impastare&#8221;, &#8220;modellare&#8221;) \u00e8 la pi\u00f9 antica forma di terapia fisica, utilizzata nel tempo da differenti civilt\u00e0, per alleviare dolori e decontrarre la muscolatura allontanando la fatica. Oggi trova spazio all&#8217;interno della fisioterapia, della medicina alternativa e nei trattamenti estetici. Ne esistono infatti diversi tipi, con differenti finalit\u00e0: distensivi, muscolari, sportivi, antidolore, drenanti, anticellulite e rilassanti. La pratica ha origine, come storicamente noto, in India, si \u00e8 poi successivamente diffusa in Cina paese nel quale \u00e8 molto praticata e dal quale viene esportata in tutto il mondo.\n\n\n\n\nFra i vari tipi di massaggio praticate in oriente spiccano il massaggio cinese tuina, quello giapponese shiatsu, basati entrambi sulla medicina tradizionale cinese da cui deriva anche l&#8217;agopuntura, vi \u00e8 poi quello tailandese massaggio thai, e quello indiano ayurvedico.\n\n\n\n\nLa massoterapia \u00e8 il massaggio con finalit\u00e0 terapeutica svolto da un terapista abilitato (di norma fisioterapista, o l&#8217;M.C.B. o il massofisioterapista). Rappresenta il massaggio applicato sul corpo tenendo conto delle condizioni generali del paziente (sesso, et\u00e0, soggettivit\u00e0, problema da trattare e capacit\u00e0 di reazione dell&#8217;organismo) e si distingue da quello non terapeutico (benessere o estetico) per profondit\u00e0 di azione e finalit\u00e0.\n\n\n\n\nMassaggi a Firenze \u2013 Benessere e relax con Bhramara Yoga\n\n\n\n\nCerchi un centro per massaggi a Firenze dove rilassarti e ritrovare energia? Da Bhramara Yoga trovi trattamenti pensati per il benessere del corpo e della mente, in un ambiente accogliente e tranquillo.\n\n\n\n\nI nostri massaggi\n\n\n\n\nOffriamo diverse tipologie di massaggi a Firenze, adatte a ogni esigenza:\n\n\n\n\nMassaggi rilassanti per sciogliere lo stress e ritrovare equilibrio.\n\n\n\n\nMassaggi decontratturanti per alleviare tensioni muscolari e dolori posturali.\n\n\n\n\nMassaggi ayurvedici ispirati alla tradizione indiana, per armonizzare corpo ed energia.\n\n\n\n\nMassaggi olistici per un benessere profondo e naturale.\n\n\n\n\nPerch\u00e9 scegliere Bhramara Yoga\n\n\n\n\nAtmosfera serena e riservata, ideale per rigenerarsi.\n\n\n\n\nMassaggiatori qualificati con esperienza.\n\n\n\n\nPrezzi accessibili e trasparenti, senza sorprese.\n\n\n\n\nPossibilit\u00e0 di abbinare i massaggi alle nostre lezioni di yoga per un percorso completo di benessere.\n\nSei alla ricerca di un massaggio professionale e rigenerante a Firenze?\n\nA Bhramara Benessere (il centro annesso a Bhramara Yoga), crediamo che il benessere sia un\u2019armonia tra corpo e mente. Offriamo un\u2019ampia gamma di massaggi olistici e terapeutici eseguiti da terapisti certificati, pensati per alleviare lo stress, sciogliere le tensioni muscolari e riequilibrare le tue energie.\n\n\n\n\nScopri la nostra offerta e regalati un momento di profondo relax nel cuore di Firenze.\n\n\n\n\nI Nostri Massaggi a Firenze: Un Trattamento per Ogni Esigenza\n\nI nostri servizi sono mirati per rispondere a diverse necessit\u00e0. Scegli il percorso di benessere pi\u00f9 adatto a te:\n\n\n\n\nMassaggio Decontratturante Firenze\n\nIdeale per chi soffre di dolori cronici o acuti. Se passi molte ore seduto o pratichi sport, il nostro massaggio decontratturante a Firenze \u00e8 la soluzione perfetta per agire in profondit\u00e0 su schiena, spalle e cervicale. Ti aiutiamo a sciogliere i nodi e a recuperare la piena mobilit\u00e0.\n\n\n\n\nMassaggio Ayurvedico (Abhyanga) Firenze\n\nIl nostro fiore all&#8217;occhiello. Il massaggio Ayurvedico Abhyanga \u00e8 un trattamento olistico millenario che utilizza oli caldi personalizzati per riequilibrare i tuoi Dosha. \u00c8 una terapia potente per migliorare la circolazione, disintossicare il corpo e indurre un profondo stato di rilassamento.\n\n\n\n\nMassaggio Rilassante e Antistress\n\nUn momento di pura evasione. Se il tuo obiettivo \u00e8 ridurre lo stress e l&#8217;ansia, questo trattamento ti guider\u00e0 verso un rilassamento totale, migliorando la qualit\u00e0 del sonno e riportando calma nella tua giornata.\n\n\n<\/p>\n\n\n\n<p><\/p>\n<\/details>","protected":false},"excerpt":{"rendered":"","protected":false},"author":1,"featured_media":0,"parent":0,"menu_order":0,"comment_status":"closed","ping_status":"closed","template":"indicizzazione","meta":{"_themeisle_gutenberg_block_has_review":false,"cybocfi_hide_featured_image":"","footnotes":""},"class_list":["post-140","page","type-page","status-publish","hentry"],"yoast_head":"<!-- This site is optimized with the Yoast SEO plugin v27.3 - https:\/\/yoast.com\/product\/yoast-seo-wordpress\/ -->\n<title>Massaggi a Firenze<\/title>\n<meta name=\"description\" content=\"Bhramara yoga offre massaggi a Firenze e provincia. Trattamenti benessere economici, perch\u00e8 il benessere \u00e8 per tutti!\" \/>\n<meta name=\"robots\" content=\"index, follow, max-snippet:-1, max-image-preview:large, max-video-preview:-1\" \/>\n<link rel=\"canonical\" href=\"https:\/\/bhramarayoga.it\/en\/massaggi-a-firenze\/\" \/>\n<meta property=\"og:locale\" content=\"en_GB\" \/>\n<meta property=\"og:type\" content=\"article\" \/>\n<meta property=\"og:title\" content=\"Massaggi a Firenze\" \/>\n<meta property=\"og:description\" content=\"Bhramara yoga offre massaggi a Firenze e provincia. Trattamenti benessere economici, perch\u00e8 il benessere \u00e8 per tutti!\" \/>\n<meta property=\"og:url\" content=\"https:\/\/bhramarayoga.it\/en\/massaggi-a-firenze\/\" \/>\n<meta property=\"og:site_name\" content=\"BHRAMARA YOGA\" \/>\n<meta property=\"article:modified_time\" content=\"2025-11-27T11:42:23+00:00\" \/>\n<meta property=\"og:image\" content=\"https:\/\/bhramarayoga.it\/wp-content\/uploads\/2025\/09\/BhramaraYoga-con-Testo.png\" \/>\n\t<meta property=\"og:image:width\" content=\"1103\" \/>\n\t<meta property=\"og:image:height\" content=\"1015\" \/>\n\t<meta property=\"og:image:type\" content=\"image\/png\" \/>\n<meta name=\"twitter:card\" content=\"summary_large_image\" \/>\n<meta name=\"twitter:label1\" content=\"Estimated reading time\" \/>\n\t<meta name=\"twitter:data1\" content=\"3 minutes\" \/>\n<script type=\"application\/ld+json\" class=\"yoast-schema-graph\">{\"@context\":\"https:\\\/\\\/schema.org\",\"@graph\":[{\"@type\":\"WebPage\",\"@id\":\"https:\\\/\\\/bhramarayoga.it\\\/massaggi-a-firenze\\\/\",\"url\":\"https:\\\/\\\/bhramarayoga.it\\\/massaggi-a-firenze\\\/\",\"name\":\"Massaggi a Firenze\",\"isPartOf\":{\"@id\":\"https:\\\/\\\/bhramarayoga.it\\\/#website\"},\"datePublished\":\"2025-09-26T15:27:00+00:00\",\"dateModified\":\"2025-11-27T11:42:23+00:00\",\"description\":\"Bhramara yoga offre massaggi a Firenze e provincia. Trattamenti benessere economici, perch\u00e8 il benessere \u00e8 per tutti!\",\"breadcrumb\":{\"@id\":\"https:\\\/\\\/bhramarayoga.it\\\/massaggi-a-firenze\\\/#breadcrumb\"},\"inLanguage\":\"en-GB\",\"potentialAction\":[{\"@type\":\"ReadAction\",\"target\":[\"https:\\\/\\\/bhramarayoga.it\\\/massaggi-a-firenze\\\/\"]}]},{\"@type\":\"BreadcrumbList\",\"@id\":\"https:\\\/\\\/bhramarayoga.it\\\/massaggi-a-firenze\\\/#breadcrumb\",\"itemListElement\":[{\"@type\":\"ListItem\",\"position\":1,\"name\":\"Home\",\"item\":\"https:\\\/\\\/bhramarayoga.it\\\/\"},{\"@type\":\"ListItem\",\"position\":2,\"name\":\"Massaggi a Firenze Bhramara Yoga\"}]},{\"@type\":\"WebSite\",\"@id\":\"https:\\\/\\\/bhramarayoga.it\\\/#website\",\"url\":\"https:\\\/\\\/bhramarayoga.it\\\/\",\"name\":\"BHRAMARA YOGA\",\"description\":\"Benessere integrato: yoga, ginnastica posturale e trattamenti olistici a Firenze e Pontassieve\",\"publisher\":{\"@id\":\"https:\\\/\\\/bhramarayoga.it\\\/#organization\"},\"potentialAction\":[{\"@type\":\"SearchAction\",\"target\":{\"@type\":\"EntryPoint\",\"urlTemplate\":\"https:\\\/\\\/bhramarayoga.it\\\/?s={search_term_string}\"},\"query-input\":{\"@type\":\"PropertyValueSpecification\",\"valueRequired\":true,\"valueName\":\"search_term_string\"}}],\"inLanguage\":\"en-GB\"},{\"@type\":\"Organization\",\"@id\":\"https:\\\/\\\/bhramarayoga.it\\\/#organization\",\"name\":\"BHRAMARA YOGA\",\"url\":\"https:\\\/\\\/bhramarayoga.it\\\/\",\"logo\":{\"@type\":\"ImageObject\",\"inLanguage\":\"en-GB\",\"@id\":\"https:\\\/\\\/bhramarayoga.it\\\/#\\\/schema\\\/logo\\\/image\\\/\",\"url\":\"https:\\\/\\\/bhramarayoga.it\\\/wp-content\\\/uploads\\\/2025\\\/09\\\/BhramaraYoga-con-Testo.png\",\"contentUrl\":\"https:\\\/\\\/bhramarayoga.it\\\/wp-content\\\/uploads\\\/2025\\\/09\\\/BhramaraYoga-con-Testo.png\",\"width\":1103,\"height\":1015,\"caption\":\"BHRAMARA YOGA\"},\"image\":{\"@id\":\"https:\\\/\\\/bhramarayoga.it\\\/#\\\/schema\\\/logo\\\/image\\\/\"}}]}<\/script>\n<!-- \/ Yoast SEO plugin. -->","yoast_head_json":{"title":"Massaggi a Firenze","description":"Bhramara yoga offre massaggi a Firenze e provincia. Trattamenti benessere economici, perch\u00e8 il benessere \u00e8 per tutti!","robots":{"index":"index","follow":"follow","max-snippet":"max-snippet:-1","max-image-preview":"max-image-preview:large","max-video-preview":"max-video-preview:-1"},"canonical":"https:\/\/bhramarayoga.it\/en\/massaggi-a-firenze\/","og_locale":"en_GB","og_type":"article","og_title":"Massaggi a Firenze","og_description":"Bhramara yoga offre massaggi a Firenze e provincia. Trattamenti benessere economici, perch\u00e8 il benessere \u00e8 per tutti!","og_url":"https:\/\/bhramarayoga.it\/en\/massaggi-a-firenze\/","og_site_name":"BHRAMARA YOGA","article_modified_time":"2025-11-27T11:42:23+00:00","og_image":[{"width":1103,"height":1015,"url":"https:\/\/bhramarayoga.it\/wp-content\/uploads\/2025\/09\/BhramaraYoga-con-Testo.png","type":"image\/png"}],"twitter_card":"summary_large_image","twitter_misc":{"Estimated reading time":"3 minutes"},"schema":{"@context":"https:\/\/schema.org","@graph":[{"@type":"WebPage","@id":"https:\/\/bhramarayoga.it\/massaggi-a-firenze\/","url":"https:\/\/bhramarayoga.it\/massaggi-a-firenze\/","name":"Massaggi a Firenze","isPartOf":{"@id":"https:\/\/bhramarayoga.it\/#website"},"datePublished":"2025-09-26T15:27:00+00:00","dateModified":"2025-11-27T11:42:23+00:00","description":"Bhramara yoga offre massaggi a Firenze e provincia. Trattamenti benessere economici, perch\u00e8 il benessere \u00e8 per tutti!","breadcrumb":{"@id":"https:\/\/bhramarayoga.it\/massaggi-a-firenze\/#breadcrumb"},"inLanguage":"en-GB","potentialAction":[{"@type":"ReadAction","target":["https:\/\/bhramarayoga.it\/massaggi-a-firenze\/"]}]},{"@type":"BreadcrumbList","@id":"https:\/\/bhramarayoga.it\/massaggi-a-firenze\/#breadcrumb","itemListElement":[{"@type":"ListItem","position":1,"name":"Home","item":"https:\/\/bhramarayoga.it\/"},{"@type":"ListItem","position":2,"name":"Massaggi a Firenze Bhramara Yoga"}]},{"@type":"WebSite","@id":"https:\/\/bhramarayoga.it\/#website","url":"https:\/\/bhramarayoga.it\/","name":"BHRAMARA YOGA","description":"Benessere integrato: yoga, ginnastica posturale e trattamenti olistici a Firenze e Pontassieve","publisher":{"@id":"https:\/\/bhramarayoga.it\/#organization"},"potentialAction":[{"@type":"SearchAction","target":{"@type":"EntryPoint","urlTemplate":"https:\/\/bhramarayoga.it\/?s={search_term_string}"},"query-input":{"@type":"PropertyValueSpecification","valueRequired":true,"valueName":"search_term_string"}}],"inLanguage":"en-GB"},{"@type":"Organization","@id":"https:\/\/bhramarayoga.it\/#organization","name":"BHRAMARA YOGA","url":"https:\/\/bhramarayoga.it\/","logo":{"@type":"ImageObject","inLanguage":"en-GB","@id":"https:\/\/bhramarayoga.it\/#\/schema\/logo\/image\/","url":"https:\/\/bhramarayoga.it\/wp-content\/uploads\/2025\/09\/BhramaraYoga-con-Testo.png","contentUrl":"https:\/\/bhramarayoga.it\/wp-content\/uploads\/2025\/09\/BhramaraYoga-con-Testo.png","width":1103,"height":1015,"caption":"BHRAMARA YOGA"},"image":{"@id":"https:\/\/bhramarayoga.it\/#\/schema\/logo\/image\/"}}]}},"_links":{"self":[{"href":"https:\/\/bhramarayoga.it\/en\/wp-json\/wp\/v2\/pages\/140","targetHints":{"allow":["GET"]}}],"collection":[{"href":"https:\/\/bhramarayoga.it\/en\/wp-json\/wp\/v2\/pages"}],"about":[{"href":"https:\/\/bhramarayoga.it\/en\/wp-json\/wp\/v2\/types\/page"}],"author":[{"embeddable":true,"href":"https:\/\/bhramarayoga.it\/en\/wp-json\/wp\/v2\/users\/1"}],"replies":[{"embeddable":true,"href":"https:\/\/bhramarayoga.it\/en\/wp-json\/wp\/v2\/comments?post=140"}],"version-history":[{"count":3,"href":"https:\/\/bhramarayoga.it\/en\/wp-json\/wp\/v2\/pages\/140\/revisions"}],"predecessor-version":[{"id":1166,"href":"https:\/\/bhramarayoga.it\/en\/wp-json\/wp\/v2\/pages\/140\/revisions\/1166"}],"wp:attachment":[{"href":"https:\/\/bhramarayoga.it\/en\/wp-json\/wp\/v2\/media?parent=140"}],"curies":[{"name":"wp","href":"https:\/\/api.w.org\/{rel}","templated":true}]}}