{"id":142,"date":"2025-09-26T17:27:25","date_gmt":"2025-09-26T15:27:25","guid":{"rendered":"https:\/\/bhramarayoga.it\/?page_id=142"},"modified":"2025-11-27T12:47:50","modified_gmt":"2025-11-27T11:47:50","slug":"groupon-massaggi-a-firenze","status":"publish","type":"page","link":"https:\/\/bhramarayoga.it\/en\/groupon-massaggi-a-firenze\/","title":{"rendered":"Groupon Massaggi a Firenze Bhramara Yoga"},"content":{"rendered":"<details class=\"wp-block-details has-cyan-bluish-gray-color has-text-color has-link-color has-small-font-size wp-elements-d3f18e160e6007ca40cb3fe0e295da61 is-layout-flow wp-block-details-is-layout-flow\"><summary>groupon per massaggi a Firenze<\/summary>\n<p>Se stai cercando massaggi a Firenze su Groupon, da Bhramara Yoga trovi trattamenti altrettanto convenienti, con la qualit\u00e0 e l\u2019accoglienza di un centro specializzato nel benessere.<\/p>\n\n\n\n<p>Our massages<\/p>\n\n\n\n<p>Proponiamo diverse tipologie di massaggi a Firenze, ideali per chi vuole rilassarsi o ritrovare energia:<\/p>\n\n\n\n<pre class=\"wp-block-preformatted\">Massaggi rilassanti per sciogliere tensioni e stress.<\/pre>\n\n\n\n<pre class=\"wp-block-preformatted\">Massaggi decontratturanti contro dolori muscolari e rigidit\u00e0.<\/pre>\n\n\n\n<pre class=\"wp-block-preformatted\">Massaggi ayurvedici per riequilibrare corpo ed energia vitale.<\/pre>\n\n\n\n<pre class=\"wp-block-preformatted\">Massaggi olistici per un benessere completo e naturale.<\/pre>\n\n\n\n<p>Perch\u00e9 scegliere Bhramara Yoga invece di Groupon<\/p>\n\n\n\n<pre class=\"wp-block-preformatted\">Prezzi accessibili tutto l\u2019anno, senza bisogno di coupon o offerte lampo.<\/pre>\n\n\n\n<pre class=\"wp-block-preformatted\">Massaggiatori qualificati e trattamenti personalizzati.<\/pre>\n\n\n\n<pre class=\"wp-block-preformatted\">Ambiente sereno e accogliente, ideale per rigenerarsi.<\/pre>\n\n\n\n<pre class=\"wp-block-preformatted\">Possibilit\u00e0 di combinare i massaggi con i nostri corsi di yoga per un percorso completo di benessere.<\/pre>\n\n\n\n<pre class=\"wp-block-preformatted\">Un'occasione imperdibile per regalarti un momento di profondo benessere! Bhramara Benessere a Firenze offre massaggi professionali (Ayurvedico, Rilassante o Decontratturante) a un prezzo imbattibile solo su Groupon. Allevia lo stress e sciogli le tensioni muscolari.<\/pre>\n\n\n\n<pre class=\"wp-block-preformatted has-cyan-bluish-gray-color has-text-color has-link-color has-small-font-size wp-elements-d90a3090fafbe6415db6d3d064a28c7c\">Il massaggio thailandese ha una tradizione di oltre 2500 anni ed \u00e8 indissolubilmente legato al buddismo ed alla sua diffusione nel continente asiatico. La sua origine \u00e8 legata alla leggenda del fondatore del massaggio thailandese: J\u012bvaka Komarabh\u0101cca e all\u2019insegnamento orale fino al diciannovesimo secolo, quando la sua scuola viene codificata e insegnata al Tempio Wat Pho di Bangkok.<\/pre>\n<\/details>\n\n\n\n<p><\/p>","protected":false},"excerpt":{"rendered":"","protected":false},"author":1,"featured_media":0,"parent":0,"menu_order":0,"comment_status":"closed","ping_status":"closed","template":"indicizzazione","meta":{"_themeisle_gutenberg_block_has_review":false,"cybocfi_hide_featured_image":"","footnotes":""},"class_list":["post-142","page","type-page","status-publish","hentry"],"yoast_head":"<!-- This site is optimized with the Yoast SEO plugin v27.3 - https:\/\/yoast.com\/product\/yoast-seo-wordpress\/ -->\n<title>Groupon per massaggi a Firenze<\/title>\n<meta name=\"description\" content=\"non hai bisogno di groupon per massaggi a Firenze. Con Bhramara Yoga i trattamenti benssere sono accessibili\" \/>\n<meta name=\"robots\" content=\"index, follow, max-snippet:-1, max-image-preview:large, max-video-preview:-1\" \/>\n<link rel=\"canonical\" href=\"https:\/\/bhramarayoga.it\/en\/groupon-massaggi-a-firenze\/\" \/>\n<meta property=\"og:locale\" content=\"en_GB\" \/>\n<meta property=\"og:type\" content=\"article\" \/>\n<meta property=\"og:title\" content=\"Groupon per massaggi a Firenze\" \/>\n<meta property=\"og:description\" content=\"non hai bisogno di groupon per massaggi a Firenze. Con Bhramara Yoga i trattamenti benssere sono accessibili\" \/>\n<meta property=\"og:url\" content=\"https:\/\/bhramarayoga.it\/en\/groupon-massaggi-a-firenze\/\" \/>\n<meta property=\"og:site_name\" content=\"BHRAMARA YOGA\" \/>\n<meta property=\"article:modified_time\" content=\"2025-11-27T11:47:50+00:00\" \/>\n<meta property=\"og:image\" content=\"https:\/\/bhramarayoga.it\/wp-content\/uploads\/2025\/09\/BhramaraYoga-con-Testo.png\" \/>\n\t<meta property=\"og:image:width\" content=\"1103\" \/>\n\t<meta property=\"og:image:height\" content=\"1015\" \/>\n\t<meta property=\"og:image:type\" content=\"image\/png\" \/>\n<meta name=\"twitter:card\" content=\"summary_large_image\" \/>\n<meta name=\"twitter:label1\" content=\"Estimated reading time\" \/>\n\t<meta name=\"twitter:data1\" content=\"1 minute\" \/>\n<script type=\"application\/ld+json\" class=\"yoast-schema-graph\">{\"@context\":\"https:\\\/\\\/schema.org\",\"@graph\":[{\"@type\":\"WebPage\",\"@id\":\"https:\\\/\\\/bhramarayoga.it\\\/groupon-massaggi-a-firenze\\\/\",\"url\":\"https:\\\/\\\/bhramarayoga.it\\\/groupon-massaggi-a-firenze\\\/\",\"name\":\"Groupon per massaggi a Firenze\",\"isPartOf\":{\"@id\":\"https:\\\/\\\/bhramarayoga.it\\\/#website\"},\"datePublished\":\"2025-09-26T15:27:25+00:00\",\"dateModified\":\"2025-11-27T11:47:50+00:00\",\"description\":\"non hai bisogno di groupon per massaggi a Firenze. Con Bhramara Yoga i trattamenti benssere sono accessibili\",\"breadcrumb\":{\"@id\":\"https:\\\/\\\/bhramarayoga.it\\\/groupon-massaggi-a-firenze\\\/#breadcrumb\"},\"inLanguage\":\"en-GB\",\"potentialAction\":[{\"@type\":\"ReadAction\",\"target\":[\"https:\\\/\\\/bhramarayoga.it\\\/groupon-massaggi-a-firenze\\\/\"]}]},{\"@type\":\"BreadcrumbList\",\"@id\":\"https:\\\/\\\/bhramarayoga.it\\\/groupon-massaggi-a-firenze\\\/#breadcrumb\",\"itemListElement\":[{\"@type\":\"ListItem\",\"position\":1,\"name\":\"Home\",\"item\":\"https:\\\/\\\/bhramarayoga.it\\\/\"},{\"@type\":\"ListItem\",\"position\":2,\"name\":\"Groupon Massaggi a Firenze Bhramara Yoga\"}]},{\"@type\":\"WebSite\",\"@id\":\"https:\\\/\\\/bhramarayoga.it\\\/#website\",\"url\":\"https:\\\/\\\/bhramarayoga.it\\\/\",\"name\":\"BHRAMARA YOGA\",\"description\":\"Benessere integrato: yoga, ginnastica posturale e trattamenti olistici a Firenze e Pontassieve\",\"publisher\":{\"@id\":\"https:\\\/\\\/bhramarayoga.it\\\/#organization\"},\"potentialAction\":[{\"@type\":\"SearchAction\",\"target\":{\"@type\":\"EntryPoint\",\"urlTemplate\":\"https:\\\/\\\/bhramarayoga.it\\\/?s={search_term_string}\"},\"query-input\":{\"@type\":\"PropertyValueSpecification\",\"valueRequired\":true,\"valueName\":\"search_term_string\"}}],\"inLanguage\":\"en-GB\"},{\"@type\":\"Organization\",\"@id\":\"https:\\\/\\\/bhramarayoga.it\\\/#organization\",\"name\":\"BHRAMARA YOGA\",\"url\":\"https:\\\/\\\/bhramarayoga.it\\\/\",\"logo\":{\"@type\":\"ImageObject\",\"inLanguage\":\"en-GB\",\"@id\":\"https:\\\/\\\/bhramarayoga.it\\\/#\\\/schema\\\/logo\\\/image\\\/\",\"url\":\"https:\\\/\\\/bhramarayoga.it\\\/wp-content\\\/uploads\\\/2025\\\/09\\\/BhramaraYoga-con-Testo.png\",\"contentUrl\":\"https:\\\/\\\/bhramarayoga.it\\\/wp-content\\\/uploads\\\/2025\\\/09\\\/BhramaraYoga-con-Testo.png\",\"width\":1103,\"height\":1015,\"caption\":\"BHRAMARA YOGA\"},\"image\":{\"@id\":\"https:\\\/\\\/bhramarayoga.it\\\/#\\\/schema\\\/logo\\\/image\\\/\"}}]}<\/script>\n<!-- \/ Yoast SEO plugin. -->","yoast_head_json":{"title":"Groupon per massaggi a Firenze","description":"non hai bisogno di groupon per massaggi a Firenze. Con Bhramara Yoga i trattamenti benssere sono accessibili","robots":{"index":"index","follow":"follow","max-snippet":"max-snippet:-1","max-image-preview":"max-image-preview:large","max-video-preview":"max-video-preview:-1"},"canonical":"https:\/\/bhramarayoga.it\/en\/groupon-massaggi-a-firenze\/","og_locale":"en_GB","og_type":"article","og_title":"Groupon per massaggi a Firenze","og_description":"non hai bisogno di groupon per massaggi a Firenze. Con Bhramara Yoga i trattamenti benssere sono accessibili","og_url":"https:\/\/bhramarayoga.it\/en\/groupon-massaggi-a-firenze\/","og_site_name":"BHRAMARA YOGA","article_modified_time":"2025-11-27T11:47:50+00:00","og_image":[{"width":1103,"height":1015,"url":"https:\/\/bhramarayoga.it\/wp-content\/uploads\/2025\/09\/BhramaraYoga-con-Testo.png","type":"image\/png"}],"twitter_card":"summary_large_image","twitter_misc":{"Estimated reading time":"1 minute"},"schema":{"@context":"https:\/\/schema.org","@graph":[{"@type":"WebPage","@id":"https:\/\/bhramarayoga.it\/groupon-massaggi-a-firenze\/","url":"https:\/\/bhramarayoga.it\/groupon-massaggi-a-firenze\/","name":"Groupon per massaggi a Firenze","isPartOf":{"@id":"https:\/\/bhramarayoga.it\/#website"},"datePublished":"2025-09-26T15:27:25+00:00","dateModified":"2025-11-27T11:47:50+00:00","description":"non hai bisogno di groupon per massaggi a Firenze. Con Bhramara Yoga i trattamenti benssere sono accessibili","breadcrumb":{"@id":"https:\/\/bhramarayoga.it\/groupon-massaggi-a-firenze\/#breadcrumb"},"inLanguage":"en-GB","potentialAction":[{"@type":"ReadAction","target":["https:\/\/bhramarayoga.it\/groupon-massaggi-a-firenze\/"]}]},{"@type":"BreadcrumbList","@id":"https:\/\/bhramarayoga.it\/groupon-massaggi-a-firenze\/#breadcrumb","itemListElement":[{"@type":"ListItem","position":1,"name":"Home","item":"https:\/\/bhramarayoga.it\/"},{"@type":"ListItem","position":2,"name":"Groupon Massaggi a Firenze Bhramara Yoga"}]},{"@type":"WebSite","@id":"https:\/\/bhramarayoga.it\/#website","url":"https:\/\/bhramarayoga.it\/","name":"BHRAMARA YOGA","description":"Benessere integrato: yoga, ginnastica posturale e trattamenti olistici a Firenze e Pontassieve","publisher":{"@id":"https:\/\/bhramarayoga.it\/#organization"},"potentialAction":[{"@type":"SearchAction","target":{"@type":"EntryPoint","urlTemplate":"https:\/\/bhramarayoga.it\/?s={search_term_string}"},"query-input":{"@type":"PropertyValueSpecification","valueRequired":true,"valueName":"search_term_string"}}],"inLanguage":"en-GB"},{"@type":"Organization","@id":"https:\/\/bhramarayoga.it\/#organization","name":"BHRAMARA YOGA","url":"https:\/\/bhramarayoga.it\/","logo":{"@type":"ImageObject","inLanguage":"en-GB","@id":"https:\/\/bhramarayoga.it\/#\/schema\/logo\/image\/","url":"https:\/\/bhramarayoga.it\/wp-content\/uploads\/2025\/09\/BhramaraYoga-con-Testo.png","contentUrl":"https:\/\/bhramarayoga.it\/wp-content\/uploads\/2025\/09\/BhramaraYoga-con-Testo.png","width":1103,"height":1015,"caption":"BHRAMARA YOGA"},"image":{"@id":"https:\/\/bhramarayoga.it\/#\/schema\/logo\/image\/"}}]}},"_links":{"self":[{"href":"https:\/\/bhramarayoga.it\/en\/wp-json\/wp\/v2\/pages\/142","targetHints":{"allow":["GET"]}}],"collection":[{"href":"https:\/\/bhramarayoga.it\/en\/wp-json\/wp\/v2\/pages"}],"about":[{"href":"https:\/\/bhramarayoga.it\/en\/wp-json\/wp\/v2\/types\/page"}],"author":[{"embeddable":true,"href":"https:\/\/bhramarayoga.it\/en\/wp-json\/wp\/v2\/users\/1"}],"replies":[{"embeddable":true,"href":"https:\/\/bhramarayoga.it\/en\/wp-json\/wp\/v2\/comments?post=142"}],"version-history":[{"count":3,"href":"https:\/\/bhramarayoga.it\/en\/wp-json\/wp\/v2\/pages\/142\/revisions"}],"predecessor-version":[{"id":1169,"href":"https:\/\/bhramarayoga.it\/en\/wp-json\/wp\/v2\/pages\/142\/revisions\/1169"}],"wp:attachment":[{"href":"https:\/\/bhramarayoga.it\/en\/wp-json\/wp\/v2\/media?parent=142"}],"curies":[{"name":"wp","href":"https:\/\/api.w.org\/{rel}","templated":true}]}}