{"id":1904,"date":"2026-02-08T17:21:40","date_gmt":"2026-02-08T16:21:40","guid":{"rendered":"https:\/\/bhramarayoga.it\/?page_id=1904"},"modified":"2026-02-10T11:38:28","modified_gmt":"2026-02-10T10:38:28","slug":"team-coaching-privati","status":"publish","type":"page","link":"https:\/\/bhramarayoga.it\/en\/team-coaching-privati\/","title":{"rendered":"TEAM COACHING SPORTIVO E PER PRIVATI"},"content":{"rendered":"<div id=\"wp-block-themeisle-blocks-advanced-columns-bf29f413\" class=\"wp-block-themeisle-blocks-advanced-columns has-1-columns has-desktop-equal-layout has-tablet-equal-layout has-mobile-equal-layout has-vertical-unset\"><div class=\"wp-block-themeisle-blocks-advanced-columns-overlay\"><\/div><div class=\"innerblocks-wrap\">\n<div id=\"wp-block-themeisle-blocks-advanced-column-6ff645b6\" class=\"wp-block-themeisle-blocks-advanced-column\">\n<figure class=\"wp-block-image\"><img loading=\"lazy\" decoding=\"async\" width=\"1024\" height=\"683\" src=\"https:\/\/bhramarayoga.it\/wp-content\/uploads\/2026\/02\/hero-team-coaching-privati-1024x683.png\" alt=\"\" class=\"wp-image-2000\" srcset=\"https:\/\/bhramarayoga.it\/wp-content\/uploads\/2026\/02\/hero-team-coaching-privati-1024x683.png 1024w, https:\/\/bhramarayoga.it\/wp-content\/uploads\/2026\/02\/hero-team-coaching-privati-300x200.png 300w, https:\/\/bhramarayoga.it\/wp-content\/uploads\/2026\/02\/hero-team-coaching-privati-768x512.png 768w, https:\/\/bhramarayoga.it\/wp-content\/uploads\/2026\/02\/hero-team-coaching-privati-18x12.png 18w, https:\/\/bhramarayoga.it\/wp-content\/uploads\/2026\/02\/hero-team-coaching-privati.png 1536w\" sizes=\"auto, (max-width: 1024px) 100vw, 1024px\" \/><\/figure>\n\n\n\n<h3 class=\"wp-block-heading\"><strong>Il Potenziale dell\u2019Unione<\/strong><\/h3>\n\n\n\n<h3 class=\"wp-block-heading has-medium-font-size\"><em>Sinergia e crescita per gruppi che vogliono evolvere<\/em><\/h3>\n\n\n\n<p>Trasforma il tuo gruppo in un team coeso, sostenibile e orientato al successo. Un percorso tra consapevolezza Yoga e strategia moderna per superare i limiti individuali attraverso la forza del collettivo.<\/p>\n<\/div>\n<\/div><\/div>\n\n\n\n<div id=\"wp-block-themeisle-blocks-advanced-columns-14885f2b\" class=\"wp-block-themeisle-blocks-advanced-columns has-2-columns has-desktop-equal-layout has-tablet-equal-layout has-mobile-collapsedRows-layout has-vertical-unset row-bhramara\"><div class=\"wp-block-themeisle-blocks-advanced-columns-overlay\"><\/div><div class=\"innerblocks-wrap\">\n<div id=\"wp-block-themeisle-blocks-advanced-column-6260ec1a\" class=\"wp-block-themeisle-blocks-advanced-column card-bhramara animated headShake o-anim-hover\">\n<figure class=\"wp-block-image size-full\"><img loading=\"lazy\" decoding=\"async\" width=\"1024\" height=\"1024\" src=\"https:\/\/bhramarayoga.it\/wp-content\/uploads\/2026\/02\/team-coaching-icona-sport.png\" alt=\"\" class=\"wp-image-1992\" srcset=\"https:\/\/bhramarayoga.it\/wp-content\/uploads\/2026\/02\/team-coaching-icona-sport.png 1024w, https:\/\/bhramarayoga.it\/wp-content\/uploads\/2026\/02\/team-coaching-icona-sport-300x300.png 300w, https:\/\/bhramarayoga.it\/wp-content\/uploads\/2026\/02\/team-coaching-icona-sport-150x150.png 150w, https:\/\/bhramarayoga.it\/wp-content\/uploads\/2026\/02\/team-coaching-icona-sport-768x768.png 768w, https:\/\/bhramarayoga.it\/wp-content\/uploads\/2026\/02\/team-coaching-icona-sport-12x12.png 12w, https:\/\/bhramarayoga.it\/wp-content\/uploads\/2026\/02\/team-coaching-icona-sport-144x144.png 144w\" sizes=\"auto, (max-width: 1024px) 100vw, 1024px\" \/><\/figure>\n\n\n\n<h2 class=\"wp-block-heading\">Team &amp; Sport (Performance Collettiva)<\/h2>\n\n\n\n<p>Un team sportivo o uno staff tecnico eccelle quando ogni membro agisce in armonia con l&#8217;intero &#8220;alveare&#8221;. Attraverso il Team Coaching, lavoriamo per trasformare un gruppo di atleti in una squadra coesa, dove la comunicazione fluida elimina le incomprensioni e potenzia il gesto tecnico.<\/p>\n\n\n\n<p>Sviluppiamo insieme la capacit\u00e0 di mantenere la calma e la visione strategica anche sotto la pressione della competizione, utilizzando tecniche di presenza derivate dallo Yoga per gestire l&#8217;ansia da prestazione e il recupero mentale<\/p>\n<\/div>\n\n\n\n<div id=\"wp-block-themeisle-blocks-advanced-column-583a9ec7\" class=\"wp-block-themeisle-blocks-advanced-column card-bhramara animated headShake o-anim-hover\">\n<figure class=\"wp-block-image size-full\"><img loading=\"lazy\" decoding=\"async\" width=\"1024\" height=\"1024\" src=\"https:\/\/bhramarayoga.it\/wp-content\/uploads\/2026\/02\/team-coaching-icona-privati-e-associazioni.png\" alt=\"\" class=\"wp-image-1994\" srcset=\"https:\/\/bhramarayoga.it\/wp-content\/uploads\/2026\/02\/team-coaching-icona-privati-e-associazioni.png 1024w, https:\/\/bhramarayoga.it\/wp-content\/uploads\/2026\/02\/team-coaching-icona-privati-e-associazioni-300x300.png 300w, https:\/\/bhramarayoga.it\/wp-content\/uploads\/2026\/02\/team-coaching-icona-privati-e-associazioni-150x150.png 150w, https:\/\/bhramarayoga.it\/wp-content\/uploads\/2026\/02\/team-coaching-icona-privati-e-associazioni-768x768.png 768w, https:\/\/bhramarayoga.it\/wp-content\/uploads\/2026\/02\/team-coaching-icona-privati-e-associazioni-12x12.png 12w, https:\/\/bhramarayoga.it\/wp-content\/uploads\/2026\/02\/team-coaching-icona-privati-e-associazioni-144x144.png 144w\" sizes=\"auto, (max-width: 1024px) 100vw, 1024px\" \/><\/figure>\n\n\n\n<h2 class=\"wp-block-heading\">Evoluzione &amp; Privati (Crescita Condivisa)<\/h2>\n\n\n\n<p>Questo percorso \u00e8 dedicato a gruppi di privati o associazioni che desiderano migliorare il proprio clima interno. L&#8217;obiettivo \u00e8 costruire un ambiente basato sulla fiducia e sulla lealt\u00e0, dove la vulnerabilit\u00e0 diventa un punto di forza per superare conflitti latenti e irritazioni individuali.<\/p>\n\n\n\n<p>Impariamo a praticare una comunicazione circolare che valorizza ogni singola voce, garantendo che ogni &#8220;ronzio&#8221; abbia uno scopo costruttivo per il bene comune. Trasformiamo l&#8217;unione di persone diverse in una risorsa sostenibile per la crescita personale di ciascuno.<\/p>\n<\/div>\n<\/div><\/div>\n\n\n\n<div id=\"wp-block-themeisle-blocks-advanced-columns-3cba1ed0\" class=\"wp-block-themeisle-blocks-advanced-columns has-1-columns has-desktop-equal-layout has-tablet-equal-layout has-mobile-equal-layout has-vertical-unset\"><div class=\"wp-block-themeisle-blocks-advanced-columns-overlay\"><\/div><div class=\"innerblocks-wrap\">\n<div id=\"wp-block-themeisle-blocks-advanced-column-e4df7856\" class=\"wp-block-themeisle-blocks-advanced-column has-light-bg\">\n<h2 class=\"wp-block-heading\">Il Metodo Bhramara Yoga: L&#8217;Alveare in Armonia<\/h2>\n\n\n\n<p><em>Sinergia tra Consapevolezza e Crescita Collettiva<\/em><\/p>\n\n\n\n<p>Nella natura, l&#8217;ape (<strong>Bhramara<\/strong>) trova la sua forza e la sua sopravvivenza solo attraverso una comunicazione perfetta con il resto dell&#8217;alveare. Il mio metodo porta questa saggezza millenaria nel contesto dei team e dei gruppi privati, integrando l\u2019approccio olistico dello <strong>Yoga<\/strong> con le dinamiche di <strong>Team Building<\/strong> per generare un&#8217;unione autentica e duratura.<\/p>\n\n\n\n<p>Agiamo insieme su tre dimensioni essenziali:<\/p>\n\n\n\n<ol start=\"1\" class=\"wp-block-list\">\n<li><strong>Presenza e Ascolto:<\/strong> Utilizziamo tecniche di respirazione e consapevolezza per abbassare il &#8220;rumore di fondo&#8221; individuale, migliorando la capacit\u00e0 di ascolto e la gestione dello stress collettivo.<\/li>\n\n\n\n<li><strong>Sinergia Relazionale:<\/strong> Trasformiamo il gruppo in un ecosistema coeso dove ogni membro comunica con chiarezza. Impariamo a gestire i conflitti non come ostacoli, ma come momenti di evoluzione necessari per la crescita del team.<\/li>\n\n\n\n<li><strong>Lealt\u00e0 e Scopo Comune:<\/strong> Rafforziamo il senso di appartenenza verso la squadra, intesa come un&#8217;entit\u00e0 superiore. Quando ogni componente si sente parte integrante dell&#8217;alveare, l&#8217;obiettivo comune diventa naturale e il successo collettivo inevitabile.<\/li>\n<\/ol>\n<\/div>\n<\/div><\/div>\n\n\n\n<div id=\"wp-block-themeisle-blocks-advanced-columns-cb5f6be5\" class=\"wp-block-themeisle-blocks-advanced-columns has-1-columns has-desktop-equal-layout has-tablet-equal-layout has-mobile-equal-layout has-vertical-unset\"><div class=\"wp-block-themeisle-blocks-advanced-columns-overlay\"><\/div><div class=\"innerblocks-wrap\">\n<div id=\"wp-block-themeisle-blocks-advanced-column-0fc756ba\" class=\"wp-block-themeisle-blocks-advanced-column\">\n<p>Ecco la proposta per la sezione finale sul&nbsp;<strong>Metodo Bhramara Yoga<\/strong>&nbsp;per questa pagina. Ho adattato il linguaggio per focalizzarlo sulla sinergia di gruppo e sul benessere relazionale, eliminando i riferimenti puramente aziendali per renderlo adatto sia a squadre sportive che a collettivi di privati.<\/p>\n\n\n\n<hr class=\"wp-block-separator has-alpha-channel-opacity\"\/>\n\n\n\n<h2 class=\"wp-block-heading\">Il Metodo Bhramara Yoga: L&#8217;Alveare in Armonia<\/h2>\n\n\n\n<p><em>Sinergia tra Consapevolezza e Crescita Collettiva<\/em><\/p>\n\n\n\n<p>Nella natura, l&#8217;ape (<strong>Bhramara<\/strong>) trova la sua forza e la sua sopravvivenza solo attraverso una comunicazione perfetta con il resto dell&#8217;alveare. Il mio metodo porta questa saggezza millenaria nel contesto dei team e dei gruppi privati, integrando l\u2019approccio olistico dello&nbsp;<strong>Yoga<\/strong>&nbsp;con le dinamiche di&nbsp;<strong>Team Building<\/strong>&nbsp;per generare un&#8217;unione autentica e duratura.<\/p>\n\n\n\n<p>Agiamo insieme su tre dimensioni essenziali:<\/p>\n\n\n\n<ol start=\"1\" class=\"wp-block-list\">\n<li><strong>Presenza e Ascolto:<\/strong>\u00a0Utilizziamo tecniche di respirazione e consapevolezza per abbassare il &#8220;rumore di fondo&#8221; individuale, migliorando la capacit\u00e0 di ascolto e la gestione dello stress collettivo.<\/li>\n\n\n\n<li><strong>Sinergia Relazionale:<\/strong>\u00a0Trasformiamo il gruppo in un ecosistema coeso dove ogni membro comunica con chiarezza. Impariamo a gestire i conflitti non come ostacoli, ma come momenti di evoluzione necessari per la crescita del team.<\/li>\n\n\n\n<li><strong>Lealt\u00e0 e Scopo Comune:<\/strong>\u00a0Rafforziamo il senso di appartenenza verso la squadra, intesa come un&#8217;entit\u00e0 superiore. Quando ogni componente si sente parte integrante dell&#8217;alveare, l&#8217;obiettivo comune diventa naturale e il successo collettivo inevitabile.<\/li>\n<\/ol>\n\n\n\n<hr class=\"wp-block-separator has-alpha-channel-opacity\"\/>\n\n\n\n<h2 class=\"wp-block-heading has-medium-font-size\">Sei pronto a far evolvere il tuo gruppo?<\/h2>\n\n\n\n<p><em>Iniziamo insieme un percorso verso la consapevolezza e la coesione.<\/em><\/p>\n\n\n\n<div class=\"wp-block-buttons is-layout-flex wp-block-buttons-is-layout-flex\">\n<div class=\"wp-block-button\"><a class=\"wp-block-button__link wp-element-button\" href=\"mailto:teamcoaching@bhramarayoga.it\">Richiedi una Consulenza Gratuita<\/a><\/div>\n\n\n\n<div class=\"wp-block-button\"><a class=\"wp-block-button__link wp-element-button\" href=\"https:\/\/bhramarayoga.it\/en\/cosa-e-il-team-coaching\/\">Scopri di pi\u00f9 sul Team Coaching<\/a><\/div>\n<\/div>\n<\/div>\n<\/div><\/div>","protected":false},"excerpt":{"rendered":"","protected":false},"author":1,"featured_media":0,"parent":0,"menu_order":0,"comment_status":"closed","ping_status":"closed","template":"","meta":{"_themeisle_gutenberg_block_has_review":false,"cybocfi_hide_featured_image":"","footnotes":""},"class_list":["post-1904","page","type-page","status-publish","hentry"],"yoast_head":"<!-- This site is optimized with the Yoast SEO plugin v27.3 - https:\/\/yoast.com\/product\/yoast-seo-wordpress\/ -->\n<title>Coaching per Team Sportivi e Piccoli Gruppi | Bhramara Yoga<\/title>\n<meta name=\"description\" content=\"Sblocca il potenziale della tua squadra o del tuo gruppo. Team Coaching CSEN per sportivi e privati: armonia, performance e crescita.\" \/>\n<meta name=\"robots\" content=\"index, follow, max-snippet:-1, max-image-preview:large, max-video-preview:-1\" \/>\n<link rel=\"canonical\" href=\"https:\/\/bhramarayoga.it\/en\/team-coaching-privati\/\" \/>\n<meta property=\"og:locale\" content=\"en_GB\" \/>\n<meta property=\"og:type\" content=\"article\" \/>\n<meta property=\"og:title\" content=\"Coaching per Team Sportivi e Piccoli Gruppi | Bhramara Yoga\" \/>\n<meta property=\"og:description\" content=\"Sblocca il potenziale della tua squadra o del tuo gruppo. Team Coaching CSEN per sportivi e privati: armonia, performance e crescita.\" \/>\n<meta property=\"og:url\" content=\"https:\/\/bhramarayoga.it\/en\/team-coaching-privati\/\" \/>\n<meta property=\"og:site_name\" content=\"BHRAMARA YOGA\" \/>\n<meta property=\"article:modified_time\" content=\"2026-02-10T10:38:28+00:00\" \/>\n<meta property=\"og:image\" content=\"https:\/\/bhramarayoga.it\/wp-content\/uploads\/2026\/02\/hero-team-coaching-privati-1024x683.png\" \/>\n<meta name=\"twitter:card\" content=\"summary_large_image\" \/>\n<meta name=\"twitter:label1\" content=\"Estimated reading time\" \/>\n\t<meta name=\"twitter:data1\" content=\"4 minutes\" \/>\n<script type=\"application\/ld+json\" class=\"yoast-schema-graph\">{\"@context\":\"https:\\\/\\\/schema.org\",\"@graph\":[{\"@type\":\"WebPage\",\"@id\":\"https:\\\/\\\/bhramarayoga.it\\\/team-coaching-privati\\\/\",\"url\":\"https:\\\/\\\/bhramarayoga.it\\\/team-coaching-privati\\\/\",\"name\":\"Coaching per Team Sportivi e Piccoli Gruppi | Bhramara Yoga\",\"isPartOf\":{\"@id\":\"https:\\\/\\\/bhramarayoga.it\\\/#website\"},\"primaryImageOfPage\":{\"@id\":\"https:\\\/\\\/bhramarayoga.it\\\/team-coaching-privati\\\/#primaryimage\"},\"image\":{\"@id\":\"https:\\\/\\\/bhramarayoga.it\\\/team-coaching-privati\\\/#primaryimage\"},\"thumbnailUrl\":\"https:\\\/\\\/bhramarayoga.it\\\/wp-content\\\/uploads\\\/2026\\\/02\\\/hero-team-coaching-privati-1024x683.png\",\"datePublished\":\"2026-02-08T16:21:40+00:00\",\"dateModified\":\"2026-02-10T10:38:28+00:00\",\"description\":\"Sblocca il potenziale della tua squadra o del tuo gruppo. Team Coaching CSEN per sportivi e privati: armonia, performance e crescita.\",\"breadcrumb\":{\"@id\":\"https:\\\/\\\/bhramarayoga.it\\\/team-coaching-privati\\\/#breadcrumb\"},\"inLanguage\":\"en-GB\",\"potentialAction\":[{\"@type\":\"ReadAction\",\"target\":[\"https:\\\/\\\/bhramarayoga.it\\\/team-coaching-privati\\\/\"]}]},{\"@type\":\"ImageObject\",\"inLanguage\":\"en-GB\",\"@id\":\"https:\\\/\\\/bhramarayoga.it\\\/team-coaching-privati\\\/#primaryimage\",\"url\":\"https:\\\/\\\/bhramarayoga.it\\\/wp-content\\\/uploads\\\/2026\\\/02\\\/hero-team-coaching-privati-1024x683.png\",\"contentUrl\":\"https:\\\/\\\/bhramarayoga.it\\\/wp-content\\\/uploads\\\/2026\\\/02\\\/hero-team-coaching-privati-1024x683.png\"},{\"@type\":\"BreadcrumbList\",\"@id\":\"https:\\\/\\\/bhramarayoga.it\\\/team-coaching-privati\\\/#breadcrumb\",\"itemListElement\":[{\"@type\":\"ListItem\",\"position\":1,\"name\":\"Home\",\"item\":\"https:\\\/\\\/bhramarayoga.it\\\/\"},{\"@type\":\"ListItem\",\"position\":2,\"name\":\"TEAM COACHING SPORTIVO E PER PRIVATI\"}]},{\"@type\":\"WebSite\",\"@id\":\"https:\\\/\\\/bhramarayoga.it\\\/#website\",\"url\":\"https:\\\/\\\/bhramarayoga.it\\\/\",\"name\":\"BHRAMARA YOGA\",\"description\":\"Benessere integrato: yoga, ginnastica posturale e trattamenti olistici a Firenze e Pontassieve\",\"publisher\":{\"@id\":\"https:\\\/\\\/bhramarayoga.it\\\/#organization\"},\"potentialAction\":[{\"@type\":\"SearchAction\",\"target\":{\"@type\":\"EntryPoint\",\"urlTemplate\":\"https:\\\/\\\/bhramarayoga.it\\\/?s={search_term_string}\"},\"query-input\":{\"@type\":\"PropertyValueSpecification\",\"valueRequired\":true,\"valueName\":\"search_term_string\"}}],\"inLanguage\":\"en-GB\"},{\"@type\":\"Organization\",\"@id\":\"https:\\\/\\\/bhramarayoga.it\\\/#organization\",\"name\":\"BHRAMARA YOGA\",\"url\":\"https:\\\/\\\/bhramarayoga.it\\\/\",\"logo\":{\"@type\":\"ImageObject\",\"inLanguage\":\"en-GB\",\"@id\":\"https:\\\/\\\/bhramarayoga.it\\\/#\\\/schema\\\/logo\\\/image\\\/\",\"url\":\"https:\\\/\\\/bhramarayoga.it\\\/wp-content\\\/uploads\\\/2025\\\/09\\\/BhramaraYoga-con-Testo.png\",\"contentUrl\":\"https:\\\/\\\/bhramarayoga.it\\\/wp-content\\\/uploads\\\/2025\\\/09\\\/BhramaraYoga-con-Testo.png\",\"width\":1103,\"height\":1015,\"caption\":\"BHRAMARA YOGA\"},\"image\":{\"@id\":\"https:\\\/\\\/bhramarayoga.it\\\/#\\\/schema\\\/logo\\\/image\\\/\"}}]}<\/script>\n<!-- \/ Yoast SEO plugin. -->","yoast_head_json":{"title":"Coaching per Team Sportivi e Piccoli Gruppi | Bhramara Yoga","description":"Sblocca il potenziale della tua squadra o del tuo gruppo. Team Coaching CSEN per sportivi e privati: armonia, performance e crescita.","robots":{"index":"index","follow":"follow","max-snippet":"max-snippet:-1","max-image-preview":"max-image-preview:large","max-video-preview":"max-video-preview:-1"},"canonical":"https:\/\/bhramarayoga.it\/en\/team-coaching-privati\/","og_locale":"en_GB","og_type":"article","og_title":"Coaching per Team Sportivi e Piccoli Gruppi | Bhramara Yoga","og_description":"Sblocca il potenziale della tua squadra o del tuo gruppo. Team Coaching CSEN per sportivi e privati: armonia, performance e crescita.","og_url":"https:\/\/bhramarayoga.it\/en\/team-coaching-privati\/","og_site_name":"BHRAMARA YOGA","article_modified_time":"2026-02-10T10:38:28+00:00","og_image":[{"url":"https:\/\/bhramarayoga.it\/wp-content\/uploads\/2026\/02\/hero-team-coaching-privati-1024x683.png","type":"","width":"","height":""}],"twitter_card":"summary_large_image","twitter_misc":{"Estimated reading time":"4 minutes"},"schema":{"@context":"https:\/\/schema.org","@graph":[{"@type":"WebPage","@id":"https:\/\/bhramarayoga.it\/team-coaching-privati\/","url":"https:\/\/bhramarayoga.it\/team-coaching-privati\/","name":"Coaching per Team Sportivi e Piccoli Gruppi | Bhramara Yoga","isPartOf":{"@id":"https:\/\/bhramarayoga.it\/#website"},"primaryImageOfPage":{"@id":"https:\/\/bhramarayoga.it\/team-coaching-privati\/#primaryimage"},"image":{"@id":"https:\/\/bhramarayoga.it\/team-coaching-privati\/#primaryimage"},"thumbnailUrl":"https:\/\/bhramarayoga.it\/wp-content\/uploads\/2026\/02\/hero-team-coaching-privati-1024x683.png","datePublished":"2026-02-08T16:21:40+00:00","dateModified":"2026-02-10T10:38:28+00:00","description":"Sblocca il potenziale della tua squadra o del tuo gruppo. Team Coaching CSEN per sportivi e privati: armonia, performance e crescita.","breadcrumb":{"@id":"https:\/\/bhramarayoga.it\/team-coaching-privati\/#breadcrumb"},"inLanguage":"en-GB","potentialAction":[{"@type":"ReadAction","target":["https:\/\/bhramarayoga.it\/team-coaching-privati\/"]}]},{"@type":"ImageObject","inLanguage":"en-GB","@id":"https:\/\/bhramarayoga.it\/team-coaching-privati\/#primaryimage","url":"https:\/\/bhramarayoga.it\/wp-content\/uploads\/2026\/02\/hero-team-coaching-privati-1024x683.png","contentUrl":"https:\/\/bhramarayoga.it\/wp-content\/uploads\/2026\/02\/hero-team-coaching-privati-1024x683.png"},{"@type":"BreadcrumbList","@id":"https:\/\/bhramarayoga.it\/team-coaching-privati\/#breadcrumb","itemListElement":[{"@type":"ListItem","position":1,"name":"Home","item":"https:\/\/bhramarayoga.it\/"},{"@type":"ListItem","position":2,"name":"TEAM COACHING SPORTIVO E PER PRIVATI"}]},{"@type":"WebSite","@id":"https:\/\/bhramarayoga.it\/#website","url":"https:\/\/bhramarayoga.it\/","name":"BHRAMARA YOGA","description":"Benessere integrato: yoga, ginnastica posturale e trattamenti olistici a Firenze e Pontassieve","publisher":{"@id":"https:\/\/bhramarayoga.it\/#organization"},"potentialAction":[{"@type":"SearchAction","target":{"@type":"EntryPoint","urlTemplate":"https:\/\/bhramarayoga.it\/?s={search_term_string}"},"query-input":{"@type":"PropertyValueSpecification","valueRequired":true,"valueName":"search_term_string"}}],"inLanguage":"en-GB"},{"@type":"Organization","@id":"https:\/\/bhramarayoga.it\/#organization","name":"BHRAMARA YOGA","url":"https:\/\/bhramarayoga.it\/","logo":{"@type":"ImageObject","inLanguage":"en-GB","@id":"https:\/\/bhramarayoga.it\/#\/schema\/logo\/image\/","url":"https:\/\/bhramarayoga.it\/wp-content\/uploads\/2025\/09\/BhramaraYoga-con-Testo.png","contentUrl":"https:\/\/bhramarayoga.it\/wp-content\/uploads\/2025\/09\/BhramaraYoga-con-Testo.png","width":1103,"height":1015,"caption":"BHRAMARA YOGA"},"image":{"@id":"https:\/\/bhramarayoga.it\/#\/schema\/logo\/image\/"}}]}},"_links":{"self":[{"href":"https:\/\/bhramarayoga.it\/en\/wp-json\/wp\/v2\/pages\/1904","targetHints":{"allow":["GET"]}}],"collection":[{"href":"https:\/\/bhramarayoga.it\/en\/wp-json\/wp\/v2\/pages"}],"about":[{"href":"https:\/\/bhramarayoga.it\/en\/wp-json\/wp\/v2\/types\/page"}],"author":[{"embeddable":true,"href":"https:\/\/bhramarayoga.it\/en\/wp-json\/wp\/v2\/users\/1"}],"replies":[{"embeddable":true,"href":"https:\/\/bhramarayoga.it\/en\/wp-json\/wp\/v2\/comments?post=1904"}],"version-history":[{"count":3,"href":"https:\/\/bhramarayoga.it\/en\/wp-json\/wp\/v2\/pages\/1904\/revisions"}],"predecessor-version":[{"id":2013,"href":"https:\/\/bhramarayoga.it\/en\/wp-json\/wp\/v2\/pages\/1904\/revisions\/2013"}],"wp:attachment":[{"href":"https:\/\/bhramarayoga.it\/en\/wp-json\/wp\/v2\/media?parent=1904"}],"curies":[{"name":"wp","href":"https:\/\/api.w.org\/{rel}","templated":true}]}}