{"id":2027,"date":"2026-02-14T14:18:29","date_gmt":"2026-02-14T13:18:29","guid":{"rendered":"https:\/\/bhramarayoga.it\/?page_id=2027"},"modified":"2026-02-23T17:54:19","modified_gmt":"2026-02-23T16:54:19","slug":"valentina-esposito-massaggi-olistici-firenze","status":"publish","type":"page","link":"https:\/\/bhramarayoga.it\/en\/valentina-esposito-massaggi-olistici-firenze\/","title":{"rendered":"VALENTINA MASSAGGI A FIRENZE E TRATTAMENTI OLISTICI"},"content":{"rendered":"<div id=\"wp-block-themeisle-blocks-advanced-columns-7c769f91\" class=\"wp-block-themeisle-blocks-advanced-columns has-1-columns has-desktop-equal-layout has-tablet-equal-layout has-mobile-equal-layout has-vertical-unset has-light-bg animated jackInTheBox\"><div class=\"wp-block-themeisle-blocks-advanced-columns-overlay\"><\/div><div class=\"innerblocks-wrap\">\n<div id=\"wp-block-themeisle-blocks-advanced-column-27abe87d\" class=\"wp-block-themeisle-blocks-advanced-column\">\n<p class=\"has-medium-font-size\"><strong>Per appuntamenti e info:<br><\/strong>+39 3501055047<br>valentina@bhramarayoga.it<\/p>\n<\/div>\n<\/div><\/div>\n\n\n\n<div id=\"wp-block-themeisle-blocks-advanced-columns-6ecd36d6\" class=\"wp-block-themeisle-blocks-advanced-columns has-1-columns has-desktop-equal-layout has-tablet-equal-layout has-mobile-equal-layout has-vertical-unset\"><div class=\"wp-block-themeisle-blocks-advanced-columns-overlay\"><\/div><div class=\"innerblocks-wrap\">\n<div id=\"wp-block-themeisle-blocks-advanced-column-cacfde6f\" class=\"wp-block-themeisle-blocks-advanced-column\">\n<p>Ti accolgo in studio o comodamente a casa tua.<\/p>\n\n\n\n<p><strong>In Studio:<\/strong>&nbsp;Studio Clematis &#8211; Via Lorenzo di Credi 20, Firenze&nbsp;<\/p>\n\n\n\n<p><strong>A Domicilio:<\/strong>&nbsp;Per chi desidera la cura di s\u00e9 senza spostarsi.<\/p>\n\n\n\n<p>Per il progetto &#8220;Donne per Le Donne&#8221; accoglier\u00f2 esclusivamente allo studio.<\/p>\n\n\n\n<p>Vederti come un fiore che vuole sbocciare nell&#8217;<strong>impermanenza<\/strong>&nbsp;della vita.<\/p>\n\n\n\n<p><strong>Il dolore, la tensione e il blocco non sono stati permanenti<\/strong>, ma stati passeggeri dell&#8217;impermanenza.<\/p>\n\n\n\n<p>Spesso viviamo trattando le nostre tensioni come se fossero parte di noi, insieme scopriamo che ogni blocco \u2014 fisico, emotivo o energetico \u2014&nbsp;<strong>\u00e8 solo un momento di passaggio.<\/strong><\/p>\n<\/div>\n<\/div><\/div>\n\n\n\n<div id=\"wp-block-themeisle-blocks-advanced-columns-527cdcb3\" class=\"wp-block-themeisle-blocks-advanced-columns has-1-columns has-desktop-equal-layout has-tablet-equal-layout has-mobile-equal-layout has-vertical-unset\"><div class=\"wp-block-themeisle-blocks-advanced-columns-overlay\"><\/div><div class=\"innerblocks-wrap\">\n<div id=\"wp-block-themeisle-blocks-advanced-column-107b3066\" class=\"wp-block-themeisle-blocks-advanced-column\">\n<figure class=\"wp-block-image aligncenter size-full is-resized is-style-rounded\"><img loading=\"lazy\" decoding=\"async\" width=\"835\" height=\"835\" src=\"https:\/\/bhramarayoga.it\/wp-content\/uploads\/2026\/02\/Valentina-Massaggi-Firenze-edited.png\" alt=\"valentina massaggi Firenze\" class=\"wp-image-2037\" style=\"width:300px\" srcset=\"https:\/\/bhramarayoga.it\/wp-content\/uploads\/2026\/02\/Valentina-Massaggi-Firenze-edited.png 835w, https:\/\/bhramarayoga.it\/wp-content\/uploads\/2026\/02\/Valentina-Massaggi-Firenze-edited-300x300.png 300w, https:\/\/bhramarayoga.it\/wp-content\/uploads\/2026\/02\/Valentina-Massaggi-Firenze-edited-150x150.png 150w, https:\/\/bhramarayoga.it\/wp-content\/uploads\/2026\/02\/Valentina-Massaggi-Firenze-edited-768x768.png 768w, https:\/\/bhramarayoga.it\/wp-content\/uploads\/2026\/02\/Valentina-Massaggi-Firenze-edited-12x12.png 12w, https:\/\/bhramarayoga.it\/wp-content\/uploads\/2026\/02\/Valentina-Massaggi-Firenze-edited-144x144.png 144w\" sizes=\"auto, (max-width: 835px) 100vw, 835px\" \/><\/figure>\n\n\n\n<h2 class=\"wp-block-heading has-text-align-center\">Chi sono:<\/h2>\n\n\n\n<p class=\"has-medium-font-size\">Sono massaggiatrice e operatrice olistica certificata CSEN dal 2018. Il mio cammino professionale affonda le radici nell&#8217;esperienza come tecnico dei servizi sociali e animatrice dal 2012, un percorso che mi ha donato il privilegio di lavorare con la fragilit\u00e0, i bambini e gli anziani, attraverso la cura, l&#8217;ascolto e la creativit\u00e0 e la co-conduzione di laboratori artistici.<\/p>\n\n\n\n<p class=\"has-medium-font-size\">Pratico Yoga con il maestro Stefano da anni, con cui oggi collaboro attivamente e con gratitudine in progetti di Yoga e benessere.<\/p>\n\n\n\n<p class=\"has-medium-font-size\">La disciplina e la consapevolezza della pratica, nella mia professione e nella vita, \u00e8 per me il concetto di&nbsp;<strong>olismo<\/strong>: non un concetto da predicare, ma una pratica lenta e costante della persona che si riversa in ogni aspetto di s\u00e9.<\/p>\n\n\n<section class=\"sln-datashortcode sln-datashortcode--services\">\t\n\t<div class=\"sln-datalist sln-datalist--styled sln-datalist--2cols\">\n\t\t\t<div class=\"sln-datalist__item\">\n\t\t\t\t\t\t<h3 class=\"sln-datalist__item__name\">Massaggio Olistico (Promozione Donne per le Donne)<\/h3>\n\t\t\t\t\t\t\t\t\t<div class=\"sln-datalist__item__image\">\n\t\t\t\t\t\t\t<\/div>\n\t\t\t\t\t\t\t\t\t<p class=\"sln-datalist__item__description\">\n\t\t\t\tPuoi scegliere tra pratiche energetiche e massaggi oppure posso aiutarti a scegliere quale sia la pratica pi\u00f9 in linea con le tue esigenze del momento.\t\t\t<\/p>\n\t\t\t\t\t\t<div class=\"sln-datalist__item__info\">\n\t\t\t\t\t\t\t\t<p class=\"sln-datalist__item__duration\">\n\t\t\t\t\t<span>Duration: <\/span>\n\t\t\t\t\t<strong>01:00<\/strong>\n\t\t\t\t<\/p>\n\t\t\t\t\t\t\t\t\t\t\t\t<p class=\"sln-datalist__item__price\">\n\t\t\t\t\t<span>Price: <\/span>\n\t\t\t\t\t<strong>35 &#8364;<\/strong>\n\t\t\t\t<\/p>\n\t\t\t\t\t\t\t<\/div>\n\t\t\t<div class=\"sln-datalist__item__actions\">\n\t\t\t\t\t\t\t\t<a href=\"\/en\/wp-json\/wp\/v2\/pages\/2027?action=salon-booking-services-book-now&amp;service=2122&amp;secondary=0\" class=\"sln-datalist__item__cta\">Book now<\/a>\n\t\t\t<\/div>\n\t\t<\/div>\n\t\t\t\t\n\t\t<div class=\"sln-datalist_clearfix\"><\/div>\n\t<\/div>\n<\/section>\n\n<\/div>\n<\/div><\/div>\n\n\n\n<div id=\"wp-block-themeisle-blocks-advanced-columns-28a82a16\" class=\"wp-block-themeisle-blocks-advanced-columns has-1-columns has-desktop-equal-layout has-tablet-equal-layout has-mobile-equal-layout has-vertical-unset\"><div class=\"wp-block-themeisle-blocks-advanced-columns-overlay\"><\/div><div class=\"innerblocks-wrap\">\n<div id=\"wp-block-themeisle-blocks-advanced-column-70a05c80\" class=\"wp-block-themeisle-blocks-advanced-column\">\n<h2 class=\"wp-block-heading has-text-align-center\">Massaggi Olistici e pratiche energetiche:<\/h2>\n\n\n\n<p class=\"has-medium-font-size\"><strong>Lomi Lomi (Hawaiano):<\/strong>&nbsp;Rituale hawaiano eseguito con gli&nbsp;<strong>avambracci&nbsp;<\/strong>e&nbsp;attraverso manovre lunghe e ritmiche &#8220;a onda&#8221;. Questa tecnica avvolge l&#8217;intero corpo, scioglie le tensioni muscolari profonde e ristabilisce il flusso energetico.&nbsp;<\/p>\n\n\n\n<p class=\"has-medium-font-size\"><strong>Californiano:<\/strong>&nbsp;Manualit\u00e0 estremamente&nbsp;<strong>avvolgente e sensoriale<\/strong>. Sfioramenti fluidi e lenti per dare una sensazione di protezione e integrit\u00e0 e per ricomporre il legame tra corpo ed emozioni.<\/p>\n\n\n\n<p class=\"has-medium-font-size\"><strong>Rilassante:<\/strong>&nbsp;Pressioni calibrate e&nbsp;<strong>impastamenti dolci<\/strong>. Un invito al sistema nervoso a deporre le difese e ritrovare la calma.<\/p>\n\n\n\n<p class=\"has-medium-font-size\"><strong>Decontratturante Olistico<\/strong>: Sul&nbsp;<strong>Piano Fisico u<\/strong>tilizza pressioni profonde, frizioni e manovre specifiche per sciogliere le tensioni muscolari (i &#8220;nodi&#8221;) causate da posture scorrette o sforzi fisici.&nbsp; &nbsp; &nbsp; &nbsp; &nbsp; &nbsp; &nbsp; &nbsp; &nbsp; &nbsp; &nbsp; &nbsp; &nbsp; &nbsp; &nbsp; &nbsp; &nbsp; &nbsp; &nbsp; &nbsp; &nbsp; &nbsp; &nbsp; &nbsp; &nbsp; &nbsp; &nbsp; &nbsp; &nbsp; &nbsp; &nbsp; &nbsp; &nbsp; &nbsp; &nbsp; &nbsp; &nbsp; &nbsp; &nbsp; &nbsp; &nbsp; &nbsp; &nbsp; &nbsp; &nbsp; &nbsp; &nbsp; &nbsp; &nbsp; &nbsp; &nbsp; &nbsp; &nbsp; &nbsp; &nbsp; &nbsp; &nbsp; &nbsp; &nbsp; &nbsp; &nbsp; &nbsp; Sul&nbsp;<strong>Piano Emotivo ed Energetico&nbsp;<\/strong>parte dal presupposto che ogni contrazione sia spesso la &#8220;corazza&#8221; di un vissuto. Un muscolo contratto \u00e8 un&#8217;emozione trattenuta, un respiro non dato, un carico che la persona porta sulle spalle.<\/p>\n\n\n\n<p class=\"has-medium-font-size\"><strong>Energetico:<\/strong>&nbsp;Una combinazione di&nbsp;<strong>digitopressioni<\/strong>&nbsp;e sfioramenti mirati sui meridiani. Lavora sui &#8220;vuoti e pieni&#8221; energetici per rimuovere le stagnazioni e ridare vigore interiore. Possibilit\u00e0 di svolgerlo anche mantenendo gli indumenti.<\/p>\n\n\n\n<p class=\"has-medium-font-size\"><strong>Drenante (Metodo Olistico):<\/strong>&nbsp;Pressioni leggere e&nbsp;<strong>manovre di pompaggio<\/strong>&nbsp;ritmico. Segue il percorso linfatico per agevolare il&nbsp;<strong>deflusso dei liquidi<\/strong>&nbsp;e l&#8217;eliminazione delle tossine, rispettando i tempi fisiologici del corpo senza mai forzare i tessuti.<\/p>\n\n\n\n<p class=\"has-medium-font-size\"><strong>Liftante:<\/strong>&nbsp;Stimolazione profonda e&nbsp;<strong>frizioni veloci<\/strong>&nbsp;sui muscoli del viso e del corpo. Riattiva il microcircolo e ossigena i tessuti per una luminosit\u00e0 naturale e tratti distesi.<\/p>\n\n\n\n<div id=\"wp-block-themeisle-blocks-advanced-columns-c197cf03\" class=\"wp-block-themeisle-blocks-advanced-columns has-1-columns has-desktop-equal-layout has-tablet-equal-layout has-mobile-equal-layout has-vertical-unset\"><div class=\"wp-block-themeisle-blocks-advanced-columns-overlay\"><\/div><div class=\"innerblocks-wrap\">\n<div id=\"wp-block-themeisle-blocks-advanced-column-33dff52b\" class=\"wp-block-themeisle-blocks-advanced-column\">\n<p class=\"has-medium-font-size\"><strong>Nel fluire dell&#8217;impermanenza, offro uno spazio sicuro dove accoglierti:<\/strong><\/p>\n\n\n\n<div id=\"wp-block-themeisle-blocks-advanced-columns-0e026441\" class=\"wp-block-themeisle-blocks-advanced-columns has-1-columns has-desktop-equal-layout has-tablet-equal-layout has-mobile-equal-layout has-vertical-unset has-light-bg\"><div class=\"wp-block-themeisle-blocks-advanced-columns-overlay\"><\/div><div class=\"innerblocks-wrap\">\n<div id=\"wp-block-themeisle-blocks-advanced-column-5ef1d7bb\" class=\"wp-block-themeisle-blocks-advanced-column\">\n<figure class=\"wp-block-image size-large\"><img loading=\"lazy\" decoding=\"async\" width=\"724\" height=\"1024\" src=\"https:\/\/bhramarayoga.it\/wp-content\/uploads\/2026\/02\/Donne-per-le-Donne-full-frame-724x1024.png\" alt=\"locandina massaggi olistici donne per le donne\" class=\"wp-image-2036\" srcset=\"https:\/\/bhramarayoga.it\/wp-content\/uploads\/2026\/02\/Donne-per-le-Donne-full-frame-724x1024.png 724w, https:\/\/bhramarayoga.it\/wp-content\/uploads\/2026\/02\/Donne-per-le-Donne-full-frame-212x300.png 212w, https:\/\/bhramarayoga.it\/wp-content\/uploads\/2026\/02\/Donne-per-le-Donne-full-frame-768x1086.png 768w, https:\/\/bhramarayoga.it\/wp-content\/uploads\/2026\/02\/Donne-per-le-Donne-full-frame-1086x1536.png 1086w, https:\/\/bhramarayoga.it\/wp-content\/uploads\/2026\/02\/Donne-per-le-Donne-full-frame-8x12.png 8w, https:\/\/bhramarayoga.it\/wp-content\/uploads\/2026\/02\/Donne-per-le-Donne-full-frame.png 1414w\" sizes=\"auto, (max-width: 724px) 100vw, 724px\" \/><\/figure>\n\n\n\n<p class=\"has-medium-font-size\">Questo progetto di&nbsp;<strong>massaggi olistici a prezzi sociali<\/strong>&nbsp;nasce dal desiderio che nessuna donna debba pi\u00f9 scegliere tra le necessit\u00e0 quotidiane e la cura di s\u00e9.<\/p>\n\n\n\n<p class=\"has-medium-font-size\">Vorrei che questo studio fosse un rifugio accessibile a tutte, dove il benessere non sia un privilegio di poche, ma una possibilit\u00e0 condivisa.<\/p>\n\n\n\n<p class=\"has-medium-font-size\">Per garantire la sostenibilit\u00e0 dell&#8217;iniziativa e offrirti uno spazio protetto e dedicato,&nbsp;<strong>i trattamenti a prezzi sociali vengono svolti esclusivamente presso lo studio a Firenze.<\/strong><\/p>\n<\/div>\n<\/div><\/div>\n<\/div>\n<\/div><\/div>\n<\/div>\n<\/div><\/div>\n\n\n\n<div id=\"wp-block-themeisle-blocks-advanced-columns-269c4f18\" class=\"wp-block-themeisle-blocks-advanced-columns has-1-columns has-desktop-equal-layout has-tablet-equal-layout has-mobile-equal-layout has-vertical-unset has-light-bg\"><div class=\"wp-block-themeisle-blocks-advanced-columns-overlay\"><\/div><div class=\"innerblocks-wrap\">\n<div id=\"wp-block-themeisle-blocks-advanced-column-b276acf2\" class=\"wp-block-themeisle-blocks-advanced-column\">\n<p class=\"has-medium-font-size\"><strong>Per appuntamenti e info:<br><\/strong>+39 3501055047<br>valentina@bhramarayoga.it<\/p>\n<\/div>\n<\/div><\/div>\n\n\n\n<div id=\"wp-block-themeisle-blocks-advanced-columns-c2a22cb3\" class=\"wp-block-themeisle-blocks-advanced-columns has-1-columns has-desktop-equal-layout has-tablet-equal-layout has-mobile-equal-layout has-vertical-unset\"><div class=\"wp-block-themeisle-blocks-advanced-columns-overlay\"><\/div><div class=\"innerblocks-wrap\">\n<div id=\"wp-block-themeisle-blocks-advanced-column-95fd8d6d\" class=\"wp-block-themeisle-blocks-advanced-column\">\n<p>Valentina Esposito &#8211; Massaggi Olistici a Firenze Partita Iva 07256230488<\/p>\n\n\n\n<p>Professione esercitata ai sensi della Legge 14 gennaio 2013, n. 4<\/p>\n<\/div>\n<\/div><\/div>","protected":false},"excerpt":{"rendered":"","protected":false},"author":1,"featured_media":0,"parent":0,"menu_order":0,"comment_status":"closed","ping_status":"closed","template":"","meta":{"_themeisle_gutenberg_block_has_review":false,"cybocfi_hide_featured_image":"","footnotes":""},"class_list":["post-2027","page","type-page","status-publish","hentry"],"yoast_head":"<!-- This site is optimized with the Yoast SEO plugin v27.3 - https:\/\/yoast.com\/product\/yoast-seo-wordpress\/ -->\n<title>Valentina Massaggi Olistici a Firenze<\/title>\n<meta name=\"description\" content=\"Concediti una pausa di puro relax a Firenze. Valentina offre massaggi e trattamenti olistici per corpo e mente.\" \/>\n<meta name=\"robots\" content=\"index, follow, max-snippet:-1, max-image-preview:large, max-video-preview:-1\" \/>\n<link rel=\"canonical\" href=\"https:\/\/bhramarayoga.it\/en\/valentina-esposito-massaggi-olistici-firenze\/\" \/>\n<meta property=\"og:locale\" content=\"en_GB\" \/>\n<meta property=\"og:type\" content=\"article\" \/>\n<meta property=\"og:title\" content=\"Valentina Massaggi Olistici a Firenze\" \/>\n<meta property=\"og:description\" content=\"Concediti una pausa di puro relax a Firenze. Valentina offre massaggi e trattamenti olistici per corpo e mente.\" \/>\n<meta property=\"og:url\" content=\"https:\/\/bhramarayoga.it\/en\/valentina-esposito-massaggi-olistici-firenze\/\" \/>\n<meta property=\"og:site_name\" content=\"BHRAMARA YOGA\" \/>\n<meta property=\"article:modified_time\" content=\"2026-02-23T16:54:19+00:00\" \/>\n<meta property=\"og:image\" content=\"https:\/\/bhramarayoga.it\/wp-content\/uploads\/2026\/02\/Valentina-Massaggi-Firenze-edited.png\" \/>\n<meta name=\"twitter:card\" content=\"summary_large_image\" \/>\n<meta name=\"twitter:label1\" content=\"Estimated reading time\" \/>\n\t<meta name=\"twitter:data1\" content=\"4 minutes\" \/>\n<script type=\"application\/ld+json\" class=\"yoast-schema-graph\">{\"@context\":\"https:\\\/\\\/schema.org\",\"@graph\":[{\"@type\":\"WebPage\",\"@id\":\"https:\\\/\\\/bhramarayoga.it\\\/valentina-esposito-massaggi-olistici-firenze\\\/\",\"url\":\"https:\\\/\\\/bhramarayoga.it\\\/valentina-esposito-massaggi-olistici-firenze\\\/\",\"name\":\"Valentina Massaggi Olistici a Firenze\",\"isPartOf\":{\"@id\":\"https:\\\/\\\/bhramarayoga.it\\\/#website\"},\"primaryImageOfPage\":{\"@id\":\"https:\\\/\\\/bhramarayoga.it\\\/valentina-esposito-massaggi-olistici-firenze\\\/#primaryimage\"},\"image\":{\"@id\":\"https:\\\/\\\/bhramarayoga.it\\\/valentina-esposito-massaggi-olistici-firenze\\\/#primaryimage\"},\"thumbnailUrl\":\"https:\\\/\\\/bhramarayoga.it\\\/wp-content\\\/uploads\\\/2026\\\/02\\\/Valentina-Massaggi-Firenze-edited.png\",\"datePublished\":\"2026-02-14T13:18:29+00:00\",\"dateModified\":\"2026-02-23T16:54:19+00:00\",\"description\":\"Concediti una pausa di puro relax a Firenze. Valentina offre massaggi e trattamenti olistici per corpo e mente.\",\"breadcrumb\":{\"@id\":\"https:\\\/\\\/bhramarayoga.it\\\/valentina-esposito-massaggi-olistici-firenze\\\/#breadcrumb\"},\"inLanguage\":\"en-GB\",\"potentialAction\":[{\"@type\":\"ReadAction\",\"target\":[\"https:\\\/\\\/bhramarayoga.it\\\/valentina-esposito-massaggi-olistici-firenze\\\/\"]}]},{\"@type\":\"ImageObject\",\"inLanguage\":\"en-GB\",\"@id\":\"https:\\\/\\\/bhramarayoga.it\\\/valentina-esposito-massaggi-olistici-firenze\\\/#primaryimage\",\"url\":\"https:\\\/\\\/bhramarayoga.it\\\/wp-content\\\/uploads\\\/2026\\\/02\\\/Valentina-Massaggi-Firenze-edited.png\",\"contentUrl\":\"https:\\\/\\\/bhramarayoga.it\\\/wp-content\\\/uploads\\\/2026\\\/02\\\/Valentina-Massaggi-Firenze-edited.png\"},{\"@type\":\"BreadcrumbList\",\"@id\":\"https:\\\/\\\/bhramarayoga.it\\\/valentina-esposito-massaggi-olistici-firenze\\\/#breadcrumb\",\"itemListElement\":[{\"@type\":\"ListItem\",\"position\":1,\"name\":\"Home\",\"item\":\"https:\\\/\\\/bhramarayoga.it\\\/\"},{\"@type\":\"ListItem\",\"position\":2,\"name\":\"VALENTINA MASSAGGI A FIRENZE E TRATTAMENTI OLISTICI\"}]},{\"@type\":\"WebSite\",\"@id\":\"https:\\\/\\\/bhramarayoga.it\\\/#website\",\"url\":\"https:\\\/\\\/bhramarayoga.it\\\/\",\"name\":\"BHRAMARA YOGA\",\"description\":\"Benessere integrato: yoga, ginnastica posturale e trattamenti olistici a Firenze e Pontassieve\",\"publisher\":{\"@id\":\"https:\\\/\\\/bhramarayoga.it\\\/#organization\"},\"potentialAction\":[{\"@type\":\"SearchAction\",\"target\":{\"@type\":\"EntryPoint\",\"urlTemplate\":\"https:\\\/\\\/bhramarayoga.it\\\/?s={search_term_string}\"},\"query-input\":{\"@type\":\"PropertyValueSpecification\",\"valueRequired\":true,\"valueName\":\"search_term_string\"}}],\"inLanguage\":\"en-GB\"},{\"@type\":\"Organization\",\"@id\":\"https:\\\/\\\/bhramarayoga.it\\\/#organization\",\"name\":\"BHRAMARA YOGA\",\"url\":\"https:\\\/\\\/bhramarayoga.it\\\/\",\"logo\":{\"@type\":\"ImageObject\",\"inLanguage\":\"en-GB\",\"@id\":\"https:\\\/\\\/bhramarayoga.it\\\/#\\\/schema\\\/logo\\\/image\\\/\",\"url\":\"https:\\\/\\\/bhramarayoga.it\\\/wp-content\\\/uploads\\\/2025\\\/09\\\/BhramaraYoga-con-Testo.png\",\"contentUrl\":\"https:\\\/\\\/bhramarayoga.it\\\/wp-content\\\/uploads\\\/2025\\\/09\\\/BhramaraYoga-con-Testo.png\",\"width\":1103,\"height\":1015,\"caption\":\"BHRAMARA YOGA\"},\"image\":{\"@id\":\"https:\\\/\\\/bhramarayoga.it\\\/#\\\/schema\\\/logo\\\/image\\\/\"}}]}<\/script>\n<!-- \/ Yoast SEO plugin. -->","yoast_head_json":{"title":"Valentina Massaggi Olistici a Firenze","description":"Concediti una pausa di puro relax a Firenze. Valentina offre massaggi e trattamenti olistici per corpo e mente.","robots":{"index":"index","follow":"follow","max-snippet":"max-snippet:-1","max-image-preview":"max-image-preview:large","max-video-preview":"max-video-preview:-1"},"canonical":"https:\/\/bhramarayoga.it\/en\/valentina-esposito-massaggi-olistici-firenze\/","og_locale":"en_GB","og_type":"article","og_title":"Valentina Massaggi Olistici a Firenze","og_description":"Concediti una pausa di puro relax a Firenze. Valentina offre massaggi e trattamenti olistici per corpo e mente.","og_url":"https:\/\/bhramarayoga.it\/en\/valentina-esposito-massaggi-olistici-firenze\/","og_site_name":"BHRAMARA YOGA","article_modified_time":"2026-02-23T16:54:19+00:00","og_image":[{"url":"https:\/\/bhramarayoga.it\/wp-content\/uploads\/2026\/02\/Valentina-Massaggi-Firenze-edited.png","type":"","width":"","height":""}],"twitter_card":"summary_large_image","twitter_misc":{"Estimated reading time":"4 minutes"},"schema":{"@context":"https:\/\/schema.org","@graph":[{"@type":"WebPage","@id":"https:\/\/bhramarayoga.it\/valentina-esposito-massaggi-olistici-firenze\/","url":"https:\/\/bhramarayoga.it\/valentina-esposito-massaggi-olistici-firenze\/","name":"Valentina Massaggi Olistici a Firenze","isPartOf":{"@id":"https:\/\/bhramarayoga.it\/#website"},"primaryImageOfPage":{"@id":"https:\/\/bhramarayoga.it\/valentina-esposito-massaggi-olistici-firenze\/#primaryimage"},"image":{"@id":"https:\/\/bhramarayoga.it\/valentina-esposito-massaggi-olistici-firenze\/#primaryimage"},"thumbnailUrl":"https:\/\/bhramarayoga.it\/wp-content\/uploads\/2026\/02\/Valentina-Massaggi-Firenze-edited.png","datePublished":"2026-02-14T13:18:29+00:00","dateModified":"2026-02-23T16:54:19+00:00","description":"Concediti una pausa di puro relax a Firenze. Valentina offre massaggi e trattamenti olistici per corpo e mente.","breadcrumb":{"@id":"https:\/\/bhramarayoga.it\/valentina-esposito-massaggi-olistici-firenze\/#breadcrumb"},"inLanguage":"en-GB","potentialAction":[{"@type":"ReadAction","target":["https:\/\/bhramarayoga.it\/valentina-esposito-massaggi-olistici-firenze\/"]}]},{"@type":"ImageObject","inLanguage":"en-GB","@id":"https:\/\/bhramarayoga.it\/valentina-esposito-massaggi-olistici-firenze\/#primaryimage","url":"https:\/\/bhramarayoga.it\/wp-content\/uploads\/2026\/02\/Valentina-Massaggi-Firenze-edited.png","contentUrl":"https:\/\/bhramarayoga.it\/wp-content\/uploads\/2026\/02\/Valentina-Massaggi-Firenze-edited.png"},{"@type":"BreadcrumbList","@id":"https:\/\/bhramarayoga.it\/valentina-esposito-massaggi-olistici-firenze\/#breadcrumb","itemListElement":[{"@type":"ListItem","position":1,"name":"Home","item":"https:\/\/bhramarayoga.it\/"},{"@type":"ListItem","position":2,"name":"VALENTINA MASSAGGI A FIRENZE E TRATTAMENTI OLISTICI"}]},{"@type":"WebSite","@id":"https:\/\/bhramarayoga.it\/#website","url":"https:\/\/bhramarayoga.it\/","name":"BHRAMARA YOGA","description":"Benessere integrato: yoga, ginnastica posturale e trattamenti olistici a Firenze e Pontassieve","publisher":{"@id":"https:\/\/bhramarayoga.it\/#organization"},"potentialAction":[{"@type":"SearchAction","target":{"@type":"EntryPoint","urlTemplate":"https:\/\/bhramarayoga.it\/?s={search_term_string}"},"query-input":{"@type":"PropertyValueSpecification","valueRequired":true,"valueName":"search_term_string"}}],"inLanguage":"en-GB"},{"@type":"Organization","@id":"https:\/\/bhramarayoga.it\/#organization","name":"BHRAMARA YOGA","url":"https:\/\/bhramarayoga.it\/","logo":{"@type":"ImageObject","inLanguage":"en-GB","@id":"https:\/\/bhramarayoga.it\/#\/schema\/logo\/image\/","url":"https:\/\/bhramarayoga.it\/wp-content\/uploads\/2025\/09\/BhramaraYoga-con-Testo.png","contentUrl":"https:\/\/bhramarayoga.it\/wp-content\/uploads\/2025\/09\/BhramaraYoga-con-Testo.png","width":1103,"height":1015,"caption":"BHRAMARA YOGA"},"image":{"@id":"https:\/\/bhramarayoga.it\/#\/schema\/logo\/image\/"}}]}},"_links":{"self":[{"href":"https:\/\/bhramarayoga.it\/en\/wp-json\/wp\/v2\/pages\/2027","targetHints":{"allow":["GET"]}}],"collection":[{"href":"https:\/\/bhramarayoga.it\/en\/wp-json\/wp\/v2\/pages"}],"about":[{"href":"https:\/\/bhramarayoga.it\/en\/wp-json\/wp\/v2\/types\/page"}],"author":[{"embeddable":true,"href":"https:\/\/bhramarayoga.it\/en\/wp-json\/wp\/v2\/users\/1"}],"replies":[{"embeddable":true,"href":"https:\/\/bhramarayoga.it\/en\/wp-json\/wp\/v2\/comments?post=2027"}],"version-history":[{"count":2,"href":"https:\/\/bhramarayoga.it\/en\/wp-json\/wp\/v2\/pages\/2027\/revisions"}],"predecessor-version":[{"id":2130,"href":"https:\/\/bhramarayoga.it\/en\/wp-json\/wp\/v2\/pages\/2027\/revisions\/2130"}],"wp:attachment":[{"href":"https:\/\/bhramarayoga.it\/en\/wp-json\/wp\/v2\/media?parent=2027"}],"curies":[{"name":"wp","href":"https:\/\/api.w.org\/{rel}","templated":true}]}}